{"id":290,"date":"2016-10-09T16:34:13","date_gmt":"2016-10-09T14:34:13","guid":{"rendered":"https:\/\/stragoo.cz\/o-nas\/"},"modified":"2016-10-09T16:34:13","modified_gmt":"2016-10-09T14:34:13","slug":"o-nas","status":"publish","type":"page","link":"https:\/\/stragoo.cz\/en\/o-nas\/","title":{"rendered":"O n\u00e1s"},"content":{"rendered":"<h2>STRAGOO GAMES &#8211; MODERN\u00cd HRY PRO KA\u017dD\u00c9HO<\/h2>\n<p>Zna\u010dka <strong>Stragoo games<\/strong> je zam\u011b\u0159ena na vyd\u00e1v\u00e1n\u00ed modern\u00edch spole\u010densk\u00fdch her pro celou rodinu.<\/p>\n<p>Spolupracujeme se \u010desk\u00fdmi i zahrani\u010dn\u00edmu autory. Sna\u017e\u00edme se, aby hry kter\u00e9 uv\u00e1d\u00edme na trh, vystihovaly slogan \u201e<strong>Modern\u00ed hry pro ka\u017ed\u00e9ho<\/strong>\u201c. A v posledn\u00ed dob\u011b tak\u00e9 fenom\u00e9m post\u0159ehov\u00fdch her.. prost\u011b \u201e Post\u0159ehovky z plechovky\u201c.<\/p>\n","protected":false},"excerpt":{"rendered":"<p>STRAGOO GAMES &#8211; MODERN\u00cd HRY PRO KA\u017dD\u00c9HO Zna\u010dka Stragoo games je zam\u011b\u0159ena na vyd\u00e1v\u00e1n\u00ed modern\u00edch spole\u010densk\u00fdch her pro celou rodinu. Spolupracujeme se \u010desk\u00fdmi i zahrani\u010dn\u00edmu autory. Sna\u017e\u00edme se, aby hry kter\u00e9 uv\u00e1d\u00edme na trh, vystihovaly slogan \u201eModern\u00ed hry pro ka\u017ed\u00e9ho\u201c. A v posledn\u00ed dob\u011b tak\u00e9 fenom\u00e9m post\u0159ehov\u00fdch her.. prost\u011b \u201e Post\u0159ehovky z plechovky\u201c.<\/p>\n","protected":false},"author":1,"featured_media":0,"parent":0,"menu_order":0,"comment_status":"closed","ping_status":"closed","template":"","meta":{"footnotes":""},"class_list":["post-290","page","type-page","status-publish","hentry"],"yoast_head":"<title>O n\u00e1s - Stragoo<\/title>\n<meta name=\"robots\" content=\"index, follow, max-snippet:-1, max-image-preview:large, max-video-preview:-1\" \/>\n<link rel=\"canonical\" href=\"https:\/\/stragoo.cz\/en\/o-nas\/\" \/>\n<meta property=\"og:locale\" content=\"en_US\" \/>\n<meta property=\"og:type\" content=\"article\" \/>\n<meta property=\"og:title\" content=\"O n\u00e1s - Stragoo\" \/>\n<meta property=\"og:description\" content=\"STRAGOO GAMES &#8211; MODERN\u00cd HRY PRO KA\u017dD\u00c9HO Zna\u010dka Stragoo games je zam\u011b\u0159ena na vyd\u00e1v\u00e1n\u00ed modern\u00edch spole\u010densk\u00fdch her pro celou rodinu. Spolupracujeme se \u010desk\u00fdmi i zahrani\u010dn\u00edmu autory. Sna\u017e\u00edme se, aby hry kter\u00e9 uv\u00e1d\u00edme na trh, vystihovaly slogan \u201eModern\u00ed hry pro ka\u017ed\u00e9ho\u201c. A v posledn\u00ed dob\u011b tak\u00e9 fenom\u00e9m post\u0159ehov\u00fdch her.. prost\u011b \u201e Post\u0159ehovky z plechovky\u201c.\" \/>\n<meta property=\"og:url\" content=\"https:\/\/stragoo.cz\/en\/o-nas\/\" \/>\n<meta property=\"og:site_name\" content=\"Stragoo\" \/>\n<meta name=\"twitter:card\" content=\"summary_large_image\" \/>\n<script type=\"application\/ld+json\" class=\"yoast-schema-graph\">{\"@context\":\"https:\/\/schema.org\",\"@graph\":[{\"@type\":\"WebPage\",\"@id\":\"https:\/\/stragoo.cz\/en\/o-nas\/\",\"url\":\"https:\/\/stragoo.cz\/en\/o-nas\/\",\"name\":\"O n\u00e1s - Stragoo\",\"isPartOf\":{\"@id\":\"https:\/\/stragoo.cz\/#website\"},\"datePublished\":\"2016-10-09T14:34:13+00:00\",\"dateModified\":\"2016-10-09T14:34:13+00:00\",\"breadcrumb\":{\"@id\":\"https:\/\/stragoo.cz\/en\/o-nas\/#breadcrumb\"},\"inLanguage\":\"en-US\",\"potentialAction\":[{\"@type\":\"ReadAction\",\"target\":[\"https:\/\/stragoo.cz\/en\/o-nas\/\"]}]},{\"@type\":\"BreadcrumbList\",\"@id\":\"https:\/\/stragoo.cz\/en\/o-nas\/#breadcrumb\",\"itemListElement\":[{\"@type\":\"ListItem\",\"position\":1,\"name\":\"Dom\u016f\",\"item\":\"https:\/\/stragoo.cz\/en\/\"},{\"@type\":\"ListItem\",\"position\":2,\"name\":\"O n\u00e1s\"}]},{\"@type\":\"WebSite\",\"@id\":\"https:\/\/stragoo.cz\/#website\",\"url\":\"https:\/\/stragoo.cz\/\",\"name\":\"Stragoo\",\"description\":\"Dal\u0161\u00ed nov\u00fd web v r\u00e1mci s\u00edt\u011b M\u016fj web online\",\"potentialAction\":[{\"@type\":\"SearchAction\",\"target\":{\"@type\":\"EntryPoint\",\"urlTemplate\":\"https:\/\/stragoo.cz\/?s={search_term_string}\"},\"query-input\":\"required name=search_term_string\"}],\"inLanguage\":\"en-US\"}]}<\/script>","yoast_head_json":{"title":"O n\u00e1s - Stragoo","robots":{"index":"index","follow":"follow","max-snippet":"max-snippet:-1","max-image-preview":"max-image-preview:large","max-video-preview":"max-video-preview:-1"},"canonical":"https:\/\/stragoo.cz\/en\/o-nas\/","og_locale":"en_US","og_type":"article","og_title":"O n\u00e1s - Stragoo","og_description":"STRAGOO GAMES &#8211; MODERN\u00cd HRY PRO KA\u017dD\u00c9HO Zna\u010dka Stragoo games je zam\u011b\u0159ena na vyd\u00e1v\u00e1n\u00ed modern\u00edch spole\u010densk\u00fdch her pro celou rodinu. Spolupracujeme se \u010desk\u00fdmi i zahrani\u010dn\u00edmu autory. Sna\u017e\u00edme se, aby hry kter\u00e9 uv\u00e1d\u00edme na trh, vystihovaly slogan \u201eModern\u00ed hry pro ka\u017ed\u00e9ho\u201c. A v posledn\u00ed dob\u011b tak\u00e9 fenom\u00e9m post\u0159ehov\u00fdch her.. prost\u011b \u201e Post\u0159ehovky z plechovky\u201c.","og_url":"https:\/\/stragoo.cz\/en\/o-nas\/","og_site_name":"Stragoo","twitter_card":"summary_large_image","schema":{"@context":"https:\/\/schema.org","@graph":[{"@type":"WebPage","@id":"https:\/\/stragoo.cz\/en\/o-nas\/","url":"https:\/\/stragoo.cz\/en\/o-nas\/","name":"O n\u00e1s - Stragoo","isPartOf":{"@id":"https:\/\/stragoo.cz\/#website"},"datePublished":"2016-10-09T14:34:13+00:00","dateModified":"2016-10-09T14:34:13+00:00","breadcrumb":{"@id":"https:\/\/stragoo.cz\/en\/o-nas\/#breadcrumb"},"inLanguage":"en-US","potentialAction":[{"@type":"ReadAction","target":["https:\/\/stragoo.cz\/en\/o-nas\/"]}]},{"@type":"BreadcrumbList","@id":"https:\/\/stragoo.cz\/en\/o-nas\/#breadcrumb","itemListElement":[{"@type":"ListItem","position":1,"name":"Dom\u016f","item":"https:\/\/stragoo.cz\/en\/"},{"@type":"ListItem","position":2,"name":"O n\u00e1s"}]},{"@type":"WebSite","@id":"https:\/\/stragoo.cz\/#website","url":"https:\/\/stragoo.cz\/","name":"Stragoo","description":"Dal\u0161\u00ed nov\u00fd web v r\u00e1mci s\u00edt\u011b M\u016fj web online","potentialAction":[{"@type":"SearchAction","target":{"@type":"EntryPoint","urlTemplate":"https:\/\/stragoo.cz\/?s={search_term_string}"},"query-input":"required name=search_term_string"}],"inLanguage":"en-US"}]}},"_links":{"self":[{"href":"https:\/\/stragoo.cz\/en\/wp-json\/wp\/v2\/pages\/290","targetHints":{"allow":["GET"]}}],"collection":[{"href":"https:\/\/stragoo.cz\/en\/wp-json\/wp\/v2\/pages"}],"about":[{"href":"https:\/\/stragoo.cz\/en\/wp-json\/wp\/v2\/types\/page"}],"author":[{"embeddable":true,"href":"https:\/\/stragoo.cz\/en\/wp-json\/wp\/v2\/users\/1"}],"replies":[{"embeddable":true,"href":"https:\/\/stragoo.cz\/en\/wp-json\/wp\/v2\/comments?post=290"}],"version-history":[{"count":0,"href":"https:\/\/stragoo.cz\/en\/wp-json\/wp\/v2\/pages\/290\/revisions"}],"wp:attachment":[{"href":"https:\/\/stragoo.cz\/en\/wp-json\/wp\/v2\/media?parent=290"}],"curies":[{"name":"wp","href":"https:\/\/api.w.org\/{rel}","templated":true}]}}