{"id":340,"date":"2017-04-19T09:53:13","date_gmt":"2017-04-19T07:53:13","guid":{"rendered":"https:\/\/stragoo.cz\/aktuality\/"},"modified":"2018-11-14T15:07:09","modified_gmt":"2018-11-14T14:07:09","slug":"news","status":"publish","type":"page","link":"https:\/\/stragoo.cz\/en\/news\/","title":{"rendered":"News"},"content":{"rendered":"<h3>\n\t\t\t\t<a href=\"https:\/\/stragoo.cz\/en\/2018\/11\/13\/come-qubolo\/\" title=\"Come Qubolo\">Come Qubolo<\/a>\t\t\t            <\/h3>\n<h5>\n\t\t\t\t\t\t\tBy <a href=\"https:\/\/stragoo.cz\/en\/author\/morova\/\"><br \/>\n\t\t\t\t\tmorova\t\t\t\t<\/a><br \/>\n\t\t\t | \t\t\tNov 13, 2018<br \/>\n\t\t\t\t\t\t\t<\/h5>\n<p>\t\t\t\t\t\t\t\t\tCome Qubolo. \u201eWho can finish their tower first?\u201d Keep your opponent from making the perfect fit! Play tetris and add a little bit of poker to the fun. A 3D logic game for 1-2 players (for 4 players add a 2nd set of the game) Playing time duration: 10 minutes<br \/>\n\t\t\t\t\t<a href=\"https:\/\/stragoo.cz\/en\/2018\/11\/13\/come-qubolo\/\" target=\"_self\">\u010c\u00edst v\u00edce &#8594;<\/a>\t\t<\/p>\n","protected":false},"excerpt":{"rendered":"<p>Come Qubolo By morova | Nov 13, 2018 Come Qubolo. \u201eWho can finish their tower first?\u201d Keep your opponent from making the perfect fit! Play tetris and add a little bit of poker to the fun. A 3D logic game for 1-2 players (for 4 players add a 2nd set of the game) Playing time&hellip;<\/p>\n","protected":false},"author":1,"featured_media":0,"parent":0,"menu_order":0,"comment_status":"closed","ping_status":"closed","template":"","meta":{"footnotes":""},"class_list":["post-340","page","type-page","status-publish","hentry"],"yoast_head":"<title>News - Stragoo<\/title>\n<meta name=\"robots\" content=\"index, follow, max-snippet:-1, max-image-preview:large, max-video-preview:-1\" \/>\n<link rel=\"canonical\" href=\"https:\/\/stragoo.cz\/en\/news\/\" \/>\n<meta property=\"og:locale\" content=\"en_US\" \/>\n<meta property=\"og:type\" content=\"article\" \/>\n<meta property=\"og:title\" content=\"News - Stragoo\" \/>\n<meta property=\"og:description\" content=\"Come Qubolo By morova | Nov 13, 2018 Come Qubolo. \u201eWho can finish their tower first?\u201d Keep your opponent from making the perfect fit! Play tetris and add a little bit of poker to the fun. A 3D logic game for 1-2 players (for 4 players add a 2nd set of the game) Playing time&hellip;\" \/>\n<meta property=\"og:url\" content=\"https:\/\/stragoo.cz\/en\/news\/\" \/>\n<meta property=\"og:site_name\" content=\"Stragoo\" \/>\n<meta property=\"article:modified_time\" content=\"2018-11-14T14:07:09+00:00\" \/>\n<meta name=\"twitter:card\" content=\"summary_large_image\" \/>\n<script type=\"application\/ld+json\" class=\"yoast-schema-graph\">{\"@context\":\"https:\/\/schema.org\",\"@graph\":[{\"@type\":\"WebPage\",\"@id\":\"https:\/\/stragoo.cz\/en\/news\/\",\"url\":\"https:\/\/stragoo.cz\/en\/news\/\",\"name\":\"News - Stragoo\",\"isPartOf\":{\"@id\":\"https:\/\/stragoo.cz\/#website\"},\"datePublished\":\"2017-04-19T07:53:13+00:00\",\"dateModified\":\"2018-11-14T14:07:09+00:00\",\"breadcrumb\":{\"@id\":\"https:\/\/stragoo.cz\/en\/news\/#breadcrumb\"},\"inLanguage\":\"en-US\",\"potentialAction\":[{\"@type\":\"ReadAction\",\"target\":[\"https:\/\/stragoo.cz\/en\/news\/\"]}]},{\"@type\":\"BreadcrumbList\",\"@id\":\"https:\/\/stragoo.cz\/en\/news\/#breadcrumb\",\"itemListElement\":[{\"@type\":\"ListItem\",\"position\":1,\"name\":\"Dom\u016f\",\"item\":\"https:\/\/stragoo.cz\/en\/\"},{\"@type\":\"ListItem\",\"position\":2,\"name\":\"News\"}]},{\"@type\":\"WebSite\",\"@id\":\"https:\/\/stragoo.cz\/#website\",\"url\":\"https:\/\/stragoo.cz\/\",\"name\":\"Stragoo\",\"description\":\"Dal\u0161\u00ed nov\u00fd web v r\u00e1mci s\u00edt\u011b M\u016fj web online\",\"potentialAction\":[{\"@type\":\"SearchAction\",\"target\":{\"@type\":\"EntryPoint\",\"urlTemplate\":\"https:\/\/stragoo.cz\/?s={search_term_string}\"},\"query-input\":\"required name=search_term_string\"}],\"inLanguage\":\"en-US\"}]}<\/script>","yoast_head_json":{"title":"News - Stragoo","robots":{"index":"index","follow":"follow","max-snippet":"max-snippet:-1","max-image-preview":"max-image-preview:large","max-video-preview":"max-video-preview:-1"},"canonical":"https:\/\/stragoo.cz\/en\/news\/","og_locale":"en_US","og_type":"article","og_title":"News - Stragoo","og_description":"Come Qubolo By morova | Nov 13, 2018 Come Qubolo. \u201eWho can finish their tower first?\u201d Keep your opponent from making the perfect fit! Play tetris and add a little bit of poker to the fun. A 3D logic game for 1-2 players (for 4 players add a 2nd set of the game) Playing time&hellip;","og_url":"https:\/\/stragoo.cz\/en\/news\/","og_site_name":"Stragoo","article_modified_time":"2018-11-14T14:07:09+00:00","twitter_card":"summary_large_image","schema":{"@context":"https:\/\/schema.org","@graph":[{"@type":"WebPage","@id":"https:\/\/stragoo.cz\/en\/news\/","url":"https:\/\/stragoo.cz\/en\/news\/","name":"News - Stragoo","isPartOf":{"@id":"https:\/\/stragoo.cz\/#website"},"datePublished":"2017-04-19T07:53:13+00:00","dateModified":"2018-11-14T14:07:09+00:00","breadcrumb":{"@id":"https:\/\/stragoo.cz\/en\/news\/#breadcrumb"},"inLanguage":"en-US","potentialAction":[{"@type":"ReadAction","target":["https:\/\/stragoo.cz\/en\/news\/"]}]},{"@type":"BreadcrumbList","@id":"https:\/\/stragoo.cz\/en\/news\/#breadcrumb","itemListElement":[{"@type":"ListItem","position":1,"name":"Dom\u016f","item":"https:\/\/stragoo.cz\/en\/"},{"@type":"ListItem","position":2,"name":"News"}]},{"@type":"WebSite","@id":"https:\/\/stragoo.cz\/#website","url":"https:\/\/stragoo.cz\/","name":"Stragoo","description":"Dal\u0161\u00ed nov\u00fd web v r\u00e1mci s\u00edt\u011b M\u016fj web online","potentialAction":[{"@type":"SearchAction","target":{"@type":"EntryPoint","urlTemplate":"https:\/\/stragoo.cz\/?s={search_term_string}"},"query-input":"required name=search_term_string"}],"inLanguage":"en-US"}]}},"_links":{"self":[{"href":"https:\/\/stragoo.cz\/en\/wp-json\/wp\/v2\/pages\/340","targetHints":{"allow":["GET"]}}],"collection":[{"href":"https:\/\/stragoo.cz\/en\/wp-json\/wp\/v2\/pages"}],"about":[{"href":"https:\/\/stragoo.cz\/en\/wp-json\/wp\/v2\/types\/page"}],"author":[{"embeddable":true,"href":"https:\/\/stragoo.cz\/en\/wp-json\/wp\/v2\/users\/1"}],"replies":[{"embeddable":true,"href":"https:\/\/stragoo.cz\/en\/wp-json\/wp\/v2\/comments?post=340"}],"version-history":[{"count":2,"href":"https:\/\/stragoo.cz\/en\/wp-json\/wp\/v2\/pages\/340\/revisions"}],"predecessor-version":[{"id":355,"href":"https:\/\/stragoo.cz\/en\/wp-json\/wp\/v2\/pages\/340\/revisions\/355"}],"wp:attachment":[{"href":"https:\/\/stragoo.cz\/en\/wp-json\/wp\/v2\/media?parent=340"}],"curies":[{"name":"wp","href":"https:\/\/api.w.org\/{rel}","templated":true}]}}