{"id":345,"date":"2016-10-09T16:50:01","date_gmt":"2016-10-09T14:50:01","guid":{"rendered":"https:\/\/stragoo.cz\/home\/"},"modified":"2018-11-19T14:23:19","modified_gmt":"2018-11-19T13:23:19","slug":"home","status":"publish","type":"page","link":"https:\/\/stragoo.cz\/en\/","title":{"rendered":"Home"},"content":{"rendered":"\n<h2>\n\t\t\t\tStragoo<br \/>\n\t\t\t<\/h2>\n<p>Simply \u2013 clever -family \u2013 games in tin box<\/p>\n<ul>\n<li>\n\t\t<a href=\"https:\/\/stragoo.cz\/en\/produkt\/grabolo\/\"><img loading=\"lazy\" decoding=\"async\" width=\"300\" height=\"300\" src=\"https:\/\/stragoo.cz\/assets\/uploads\/sites\/965\/2018\/11\/8595557507840-300x300.jpg\" alt=\"\" \/><\/a><br \/>\n\t\t\t\tGrabolo<br \/>\n\t\t\t<a href=\"https:\/\/stragoo.cz\/en\/produkt\/grabolo\/\"><\/p>\n<h2>Grabolo<\/h2>\n<p><\/a><br \/>\n\t249,- CZK<br \/>\n<a href=\"\/en\/?fl_builder&#038;add-to-cart=293\" rel=\"nofollow\">Add to cart<\/a>\n<\/li>\n<li>\n\t\t<a href=\"https:\/\/stragoo.cz\/en\/produkt\/grabolo-junior\/\"><img loading=\"lazy\" decoding=\"async\" width=\"300\" height=\"300\" src=\"https:\/\/stragoo.cz\/assets\/uploads\/sites\/965\/2018\/11\/grabolo_junior_krabice-300x300.png\" alt=\"\" \/><\/a><br \/>\n\t\t\t\tGrabolo<br \/>\n\t\t\t<a href=\"https:\/\/stragoo.cz\/en\/produkt\/grabolo-junior\/\"><\/p>\n<h2>Grabolo Junior<\/h2>\n<p><\/a><br \/>\n\t249,- CZK<br \/>\n<a href=\"\/en\/?fl_builder&#038;add-to-cart=335\" rel=\"nofollow\">Add to cart<\/a>\n<\/li>\n<li>\n\t\t<a href=\"https:\/\/stragoo.cz\/en\/produkt\/little-mole\/\"><img loading=\"lazy\" decoding=\"async\" width=\"300\" height=\"300\" src=\"https:\/\/stragoo.cz\/assets\/uploads\/sites\/965\/2018\/10\/grabolo-krtecek-300x300.png\" alt=\"\" \/><\/a><br \/>\n\t\t\t\tGrabolo<br \/>\n\t\t\t<a href=\"https:\/\/stragoo.cz\/en\/produkt\/little-mole\/\"><\/p>\n<h2>Grabolo Little Mole<\/h2>\n<p><\/a><br \/>\n\t249,- CZK<br \/>\n<a href=\"\/en\/?fl_builder&#038;add-to-cart=292\" rel=\"nofollow\">Add to cart<\/a>\n<\/li>\n<li>\n\t\t<a href=\"https:\/\/stragoo.cz\/en\/produkt\/grabolo3d\/\"><img loading=\"lazy\" decoding=\"async\" width=\"300\" height=\"300\" src=\"https:\/\/stragoo.cz\/assets\/uploads\/sites\/965\/2018\/10\/grabolo-3d-krabicka-300x300.png\" alt=\"\" \/><\/a><br \/>\n\t\t\t\tGrabolo<br \/>\n\t\t\t<a href=\"https:\/\/stragoo.cz\/en\/produkt\/grabolo3d\/\"><\/p>\n<h2>Grabolo 3D<\/h2>\n<p><\/a><br \/>\n\t359,- CZK<br \/>\n<a href=\"\/en\/?fl_builder&#038;add-to-cart=327\" rel=\"nofollow\">Add to cart<\/a>\n<\/li>\n<li>\n\t\t<a href=\"https:\/\/stragoo.cz\/en\/produkt\/tripolo\/\"><img loading=\"lazy\" decoding=\"async\" width=\"193\" height=\"200\" src=\"https:\/\/stragoo.cz\/assets\/uploads\/sites\/965\/2018\/11\/tripolo-krabice.png\" alt=\"\" \/><\/a><br \/>\n\t\t\t\tUncategorized @cs<br \/>\n\t\t\t<a href=\"https:\/\/stragoo.cz\/en\/produkt\/tripolo\/\"><\/p>\n<h2>Tripolo<\/h2>\n<p><\/a><br \/>\n\t239,- CZK<br \/>\n<a href=\"\/en\/?fl_builder&#038;add-to-cart=334\" rel=\"nofollow\">Add to cart<\/a>\n<\/li>\n<li>\n\t\t<a href=\"https:\/\/stragoo.cz\/en\/produkt\/in-side-out\/\"><img loading=\"lazy\" decoding=\"async\" width=\"300\" height=\"300\" src=\"https:\/\/stragoo.cz\/assets\/uploads\/sites\/965\/2018\/11\/inside-krabicka-300x300.png\" alt=\"\" \/><\/a><br \/>\n\t\t\t\tUncategorized @cs<br \/>\n\t\t\t<a href=\"https:\/\/stragoo.cz\/en\/produkt\/in-side-out\/\"><\/p>\n<h2>IN SIDE OUT<\/h2>\n<p><\/a><br \/>\n\t239,- CZK<br \/>\n<a href=\"\/en\/?fl_builder&#038;add-to-cart=333\" rel=\"nofollow\">Add to cart<\/a>\n<\/li>\n<li>\n\tSale!<br \/>\n\t<a href=\"https:\/\/stragoo.cz\/en\/produkt\/fingo\/\"><img loading=\"lazy\" decoding=\"async\" width=\"300\" height=\"300\" src=\"https:\/\/stragoo.cz\/assets\/uploads\/sites\/965\/2018\/11\/8595557511397-300x300.jpg\" alt=\"\" \/><\/a><br \/>\n\t\t\t\tUncategorized @cs<br \/>\n\t\t\t<a href=\"https:\/\/stragoo.cz\/en\/produkt\/fingo\/\"><\/p>\n<h2>Fingo<\/h2>\n<p><\/a><br \/>\n\t<del>239,- CZK <\/del> <ins>189,- CZK <\/ins><br \/>\n<a href=\"\/en\/?fl_builder&#038;add-to-cart=332\" rel=\"nofollow\">Add to cart<\/a>\n<\/li>\n<li>\n\tSale!<br \/>\n\t<a href=\"https:\/\/stragoo.cz\/en\/produkt\/sneak-peek\/\"><img loading=\"lazy\" decoding=\"async\" width=\"300\" height=\"300\" src=\"https:\/\/stragoo.cz\/assets\/uploads\/sites\/965\/2018\/11\/8595557500216-300x300.jpg\" alt=\"\" \/><\/a><br \/>\n\t\t\t\tUncategorized @cs<br \/>\n\t\t\t<a href=\"https:\/\/stragoo.cz\/en\/produkt\/sneak-peek\/\"><\/p>\n<h2>Sneak Peek<\/h2>\n<p><\/a><br \/>\n\t<del>239,- CZK <\/del> <ins>189,- CZK <\/ins><br \/>\n<a href=\"\/en\/?fl_builder&#038;add-to-cart=329\" rel=\"nofollow\">Add to cart<\/a>\n<\/li>\n<li>\n\t\t<a href=\"https:\/\/stragoo.cz\/en\/produkt\/keetoo\/\"><img loading=\"lazy\" decoding=\"async\" width=\"193\" height=\"200\" src=\"https:\/\/stragoo.cz\/assets\/uploads\/sites\/965\/2018\/11\/keetoo-krabice.png\" alt=\"\" \/><\/a><br \/>\n\t\t\t\tUncategorized @cs<br \/>\n\t\t\t<a href=\"https:\/\/stragoo.cz\/en\/produkt\/keetoo\/\"><\/p>\n<h2>Keetoo<\/h2>\n<p><\/a><br \/>\n\t359,- CZK<br \/>\n<a href=\"\/en\/?fl_builder&#038;add-to-cart=326\" rel=\"nofollow\">Add to cart<\/a>\n<\/li>\n<li>\n\t\t<a href=\"https:\/\/stragoo.cz\/en\/produkt\/kockatoo\/\"><img loading=\"lazy\" decoding=\"async\" width=\"193\" height=\"200\" src=\"https:\/\/stragoo.cz\/assets\/uploads\/sites\/965\/2018\/11\/kockatoo-krabice.png\" alt=\"\" \/><\/a><br \/>\n\t\t\t\tUncategorized @cs<br \/>\n\t\t\t<a href=\"https:\/\/stragoo.cz\/en\/produkt\/kockatoo\/\"><\/p>\n<h2>Kockatoo<\/h2>\n<p><\/a><br \/>\n\t359,- CZK<br \/>\n<a href=\"\/en\/?fl_builder&#038;add-to-cart=325\" rel=\"nofollow\">Add to cart<\/a>\n<\/li>\n<li>\n\t\t<a href=\"https:\/\/stragoo.cz\/en\/produkt\/kivi\/\"><img loading=\"lazy\" decoding=\"async\" width=\"300\" height=\"300\" src=\"https:\/\/stragoo.cz\/assets\/uploads\/sites\/965\/2018\/11\/kivi-krabicka-300x300.png\" alt=\"\" \/><\/a><br \/>\n\t\t\t\tUncategorized @cs<br \/>\n\t\t\t<a href=\"https:\/\/stragoo.cz\/en\/produkt\/kivi\/\"><\/p>\n<h2>Kivi<\/h2>\n<p><\/a><br \/>\n\t359,- CZK<br \/>\n<a href=\"\/en\/?fl_builder&#038;add-to-cart=319\" rel=\"nofollow\">Add to cart<\/a>\n<\/li>\n<li>\n\t\t<a href=\"https:\/\/stragoo.cz\/en\/produkt\/fort\/\"><img loading=\"lazy\" decoding=\"async\" width=\"300\" height=\"300\" src=\"https:\/\/stragoo.cz\/assets\/uploads\/sites\/965\/2018\/11\/fort-krabicka-stojici-300x300.jpg\" alt=\"\" \/><\/a><br \/>\n\t\t\t\tUncategorized @cs<br \/>\n\t\t\t<a href=\"https:\/\/stragoo.cz\/en\/produkt\/fort\/\"><\/p>\n<h2>Pevnost &#8211; C&#8217;est mon FORT<\/h2>\n<p><\/a><br \/>\n\t249,- CZK<br \/>\n<a href=\"\/en\/?fl_builder&#038;add-to-cart=316\" rel=\"nofollow\">Add to cart<\/a>\n<\/li>\n<li>\n\t\t<a href=\"https:\/\/stragoo.cz\/en\/produkt\/qubolo\/\"><img loading=\"lazy\" decoding=\"async\" width=\"300\" height=\"300\" src=\"https:\/\/stragoo.cz\/assets\/uploads\/sites\/965\/2018\/11\/qubolo-pytlik-300x300.jpg\" alt=\"\" \/><\/a><br \/>\n\t\t\t\tBlock game<br \/>\n\t\t\t<a href=\"https:\/\/stragoo.cz\/en\/produkt\/qubolo\/\"><\/p>\n<h2>Qubolo<\/h2>\n<p><\/a><br \/>\n\t499,- CZK<br \/>\n<a href=\"\/en\/?fl_builder&#038;add-to-cart=324\" rel=\"nofollow\">Add to cart<\/a>\n<\/li>\n<\/ul>\n<p>\t\t<!--\n\t\t--><br \/>\n\t\t\t\t\t\t<a href=\"#\" id=\"uabb-quick-view-close\"><\/a><\/p>\n","protected":false},"excerpt":{"rendered":"<p>Stragoo Simply \u2013 clever -family \u2013 games in tin box Grabolo Grabolo 249,- CZK Add to cart Grabolo Grabolo Junior 249,- CZK Add to cart Grabolo Grabolo Little Mole 249,- CZK Add to cart Grabolo Grabolo 3D 359,- CZK Add to cart Uncategorized @cs Tripolo 239,- CZK Add to cart Uncategorized @cs IN SIDE OUT&hellip;<\/p>\n","protected":false},"author":1,"featured_media":0,"parent":0,"menu_order":0,"comment_status":"closed","ping_status":"closed","template":"","meta":{"footnotes":""},"class_list":["post-345","page","type-page","status-publish","hentry"],"yoast_head":"<title>Home - Stragoo<\/title>\n<meta name=\"robots\" content=\"index, follow, max-snippet:-1, max-image-preview:large, max-video-preview:-1\" \/>\n<link rel=\"canonical\" href=\"https:\/\/stragoo.cz\/en\/\" \/>\n<meta property=\"og:locale\" content=\"en_US\" \/>\n<meta property=\"og:type\" content=\"article\" \/>\n<meta property=\"og:title\" content=\"Home - Stragoo\" \/>\n<meta property=\"og:description\" content=\"Stragoo Simply \u2013 clever -family \u2013 games in tin box Grabolo Grabolo 249,- CZK Add to cart Grabolo Grabolo Junior 249,- CZK Add to cart Grabolo Grabolo Little Mole 249,- CZK Add to cart Grabolo Grabolo 3D 359,- CZK Add to cart Uncategorized @cs Tripolo 239,- CZK Add to cart Uncategorized @cs IN SIDE OUT&hellip;\" \/>\n<meta property=\"og:url\" content=\"https:\/\/stragoo.cz\/en\/\" \/>\n<meta property=\"og:site_name\" content=\"Stragoo\" \/>\n<meta property=\"article:modified_time\" content=\"2018-11-19T13:23:19+00:00\" \/>\n<meta property=\"og:image\" content=\"https:\/\/stragoo.cz\/assets\/uploads\/sites\/965\/2018\/11\/8595557507840-300x300.jpg\" \/>\n<meta name=\"twitter:card\" content=\"summary_large_image\" \/>\n<meta name=\"twitter:label1\" content=\"Est. reading time\" \/>\n\t<meta name=\"twitter:data1\" content=\"1 minute\" \/>\n<script type=\"application\/ld+json\" class=\"yoast-schema-graph\">{\"@context\":\"https:\/\/schema.org\",\"@graph\":[{\"@type\":\"WebPage\",\"@id\":\"https:\/\/stragoo.cz\/en\/\",\"url\":\"https:\/\/stragoo.cz\/en\/\",\"name\":\"Home - Stragoo\",\"isPartOf\":{\"@id\":\"https:\/\/stragoo.cz\/#website\"},\"datePublished\":\"2016-10-09T14:50:01+00:00\",\"dateModified\":\"2018-11-19T13:23:19+00:00\",\"breadcrumb\":{\"@id\":\"https:\/\/stragoo.cz\/en\/#breadcrumb\"},\"inLanguage\":\"en-US\",\"potentialAction\":[{\"@type\":\"ReadAction\",\"target\":[\"https:\/\/stragoo.cz\/en\/\"]}]},{\"@type\":\"BreadcrumbList\",\"@id\":\"https:\/\/stragoo.cz\/en\/#breadcrumb\",\"itemListElement\":[{\"@type\":\"ListItem\",\"position\":1,\"name\":\"Dom\u016f\",\"item\":\"https:\/\/stragoo.cz\/en\/\"},{\"@type\":\"ListItem\",\"position\":2,\"name\":\"Home\"}]},{\"@type\":\"WebSite\",\"@id\":\"https:\/\/stragoo.cz\/#website\",\"url\":\"https:\/\/stragoo.cz\/\",\"name\":\"Stragoo\",\"description\":\"Dal\u0161\u00ed nov\u00fd web v r\u00e1mci s\u00edt\u011b M\u016fj web online\",\"potentialAction\":[{\"@type\":\"SearchAction\",\"target\":{\"@type\":\"EntryPoint\",\"urlTemplate\":\"https:\/\/stragoo.cz\/?s={search_term_string}\"},\"query-input\":\"required name=search_term_string\"}],\"inLanguage\":\"en-US\"}]}<\/script>","yoast_head_json":{"title":"Home - Stragoo","robots":{"index":"index","follow":"follow","max-snippet":"max-snippet:-1","max-image-preview":"max-image-preview:large","max-video-preview":"max-video-preview:-1"},"canonical":"https:\/\/stragoo.cz\/en\/","og_locale":"en_US","og_type":"article","og_title":"Home - Stragoo","og_description":"Stragoo Simply \u2013 clever -family \u2013 games in tin box Grabolo Grabolo 249,- CZK Add to cart Grabolo Grabolo Junior 249,- CZK Add to cart Grabolo Grabolo Little Mole 249,- CZK Add to cart Grabolo Grabolo 3D 359,- CZK Add to cart Uncategorized @cs Tripolo 239,- CZK Add to cart Uncategorized @cs IN SIDE OUT&hellip;","og_url":"https:\/\/stragoo.cz\/en\/","og_site_name":"Stragoo","article_modified_time":"2018-11-19T13:23:19+00:00","og_image":[{"url":"https:\/\/stragoo.cz\/assets\/uploads\/sites\/965\/2018\/11\/8595557507840-300x300.jpg"}],"twitter_card":"summary_large_image","twitter_misc":{"Est. reading time":"1 minute"},"schema":{"@context":"https:\/\/schema.org","@graph":[{"@type":"WebPage","@id":"https:\/\/stragoo.cz\/en\/","url":"https:\/\/stragoo.cz\/en\/","name":"Home - Stragoo","isPartOf":{"@id":"https:\/\/stragoo.cz\/#website"},"datePublished":"2016-10-09T14:50:01+00:00","dateModified":"2018-11-19T13:23:19+00:00","breadcrumb":{"@id":"https:\/\/stragoo.cz\/en\/#breadcrumb"},"inLanguage":"en-US","potentialAction":[{"@type":"ReadAction","target":["https:\/\/stragoo.cz\/en\/"]}]},{"@type":"BreadcrumbList","@id":"https:\/\/stragoo.cz\/en\/#breadcrumb","itemListElement":[{"@type":"ListItem","position":1,"name":"Dom\u016f","item":"https:\/\/stragoo.cz\/en\/"},{"@type":"ListItem","position":2,"name":"Home"}]},{"@type":"WebSite","@id":"https:\/\/stragoo.cz\/#website","url":"https:\/\/stragoo.cz\/","name":"Stragoo","description":"Dal\u0161\u00ed nov\u00fd web v r\u00e1mci s\u00edt\u011b M\u016fj web online","potentialAction":[{"@type":"SearchAction","target":{"@type":"EntryPoint","urlTemplate":"https:\/\/stragoo.cz\/?s={search_term_string}"},"query-input":"required name=search_term_string"}],"inLanguage":"en-US"}]}},"_links":{"self":[{"href":"https:\/\/stragoo.cz\/en\/wp-json\/wp\/v2\/pages\/345","targetHints":{"allow":["GET"]}}],"collection":[{"href":"https:\/\/stragoo.cz\/en\/wp-json\/wp\/v2\/pages"}],"about":[{"href":"https:\/\/stragoo.cz\/en\/wp-json\/wp\/v2\/types\/page"}],"author":[{"embeddable":true,"href":"https:\/\/stragoo.cz\/en\/wp-json\/wp\/v2\/users\/1"}],"replies":[{"embeddable":true,"href":"https:\/\/stragoo.cz\/en\/wp-json\/wp\/v2\/comments?post=345"}],"version-history":[{"count":5,"href":"https:\/\/stragoo.cz\/en\/wp-json\/wp\/v2\/pages\/345\/revisions"}],"predecessor-version":[{"id":378,"href":"https:\/\/stragoo.cz\/en\/wp-json\/wp\/v2\/pages\/345\/revisions\/378"}],"wp:attachment":[{"href":"https:\/\/stragoo.cz\/en\/wp-json\/wp\/v2\/media?parent=345"}],"curies":[{"name":"wp","href":"https:\/\/api.w.org\/{rel}","templated":true}]}}