{"id":293,"date":"2018-11-02T10:51:59","date_gmt":"2018-11-02T09:51:59","guid":{"rendered":"https:\/\/stragoo.cz\/produkt\/grabolo\/"},"modified":"2022-11-18T09:28:01","modified_gmt":"2022-11-18T08:28:01","slug":"grabolo","status":"publish","type":"product","link":"https:\/\/stragoo.cz\/en\/produkt\/grabolo\/","title":{"rendered":"Grabolo"},"content":{"rendered":"<p><iframe loading=\"lazy\" title=\"Grabolo - rychl\u00e1 post\u0159ehov\u00e1 hra\" width=\"500\" height=\"281\" src=\"https:\/\/www.youtube.com\/embed\/2mhMfjGc4g8?feature=oembed\" frameborder=\"0\" allow=\"accelerometer; autoplay; clipboard-write; encrypted-media; gyroscope; picture-in-picture; web-share\" referrerpolicy=\"strict-origin-when-cross-origin\" allowfullscreen><\/iframe><\/p>\n","protected":false},"excerpt":{"rendered":"<p>Contact perception game. Prove that you have the best eyes and<br \/>\nthe fastest hands at the table. Dice determine the combination of<br \/>\ncolor and number, and you have to react quickly. Grabolo &#8211; wild fun<br \/>\nfor everyone.<\/p>\n<p>Bestseller from Maureen Hiron<\/p>\n<p>&nbsp;<\/p>\n","protected":false},"featured_media":389,"comment_status":"open","ping_status":"closed","template":"","meta":[],"product_brand":[],"product_cat":[53],"product_tag":[54,55],"class_list":{"0":"post-293","1":"product","2":"type-product","3":"status-publish","4":"has-post-thumbnail","6":"product_cat-grabolo-en","7":"product_tag-grabolo-en","8":"product_tag-stragoo-en","10":"first","11":"instock","12":"shipping-taxable","13":"product-type-simple"},"yoast_head":"<title>Grabolo - Stragoo<\/title>\n<meta name=\"robots\" content=\"index, follow, max-snippet:-1, max-image-preview:large, max-video-preview:-1\" \/>\n<link rel=\"canonical\" href=\"https:\/\/stragoo.cz\/en\/produkt\/grabolo\/\" \/>\n<meta property=\"og:locale\" content=\"en_US\" \/>\n<meta property=\"og:type\" content=\"article\" \/>\n<meta property=\"og:title\" content=\"Grabolo - Stragoo\" \/>\n<meta property=\"og:description\" content=\"Contact perception game. Prove that you have the best eyes and the fastest hands at the table. Dice determine the combination of color and number, and you have to react quickly. Grabolo - wild fun for everyone.  Bestseller from Maureen Hiron  &nbsp;\" \/>\n<meta property=\"og:url\" content=\"https:\/\/stragoo.cz\/en\/produkt\/grabolo\/\" \/>\n<meta property=\"og:site_name\" content=\"Stragoo\" \/>\n<meta property=\"article:modified_time\" content=\"2022-11-18T08:28:01+00:00\" \/>\n<meta property=\"og:image\" content=\"https:\/\/stragoo.cz\/assets\/uploads\/sites\/965\/2018\/11\/grabolo.jpg\" \/>\n\t<meta property=\"og:image:width\" content=\"1000\" \/>\n\t<meta property=\"og:image:height\" content=\"1000\" \/>\n\t<meta property=\"og:image:type\" content=\"image\/jpeg\" \/>\n<meta name=\"twitter:card\" content=\"summary_large_image\" \/>\n<script type=\"application\/ld+json\" class=\"yoast-schema-graph\">{\"@context\":\"https:\/\/schema.org\",\"@graph\":[{\"@type\":\"WebPage\",\"@id\":\"https:\/\/stragoo.cz\/en\/produkt\/grabolo\/\",\"url\":\"https:\/\/stragoo.cz\/en\/produkt\/grabolo\/\",\"name\":\"Grabolo - Stragoo\",\"isPartOf\":{\"@id\":\"https:\/\/stragoo.cz\/#website\"},\"datePublished\":\"2018-11-02T09:51:59+00:00\",\"dateModified\":\"2022-11-18T08:28:01+00:00\",\"breadcrumb\":{\"@id\":\"https:\/\/stragoo.cz\/en\/produkt\/grabolo\/#breadcrumb\"},\"inLanguage\":\"en-US\",\"potentialAction\":[{\"@type\":\"ReadAction\",\"target\":[\"https:\/\/stragoo.cz\/en\/produkt\/grabolo\/\"]}]},{\"@type\":\"BreadcrumbList\",\"@id\":\"https:\/\/stragoo.cz\/en\/produkt\/grabolo\/#breadcrumb\",\"itemListElement\":[{\"@type\":\"ListItem\",\"position\":1,\"name\":\"Dom\u016f\",\"item\":\"https:\/\/stragoo.cz\/en\/\"},{\"@type\":\"ListItem\",\"position\":2,\"name\":\"Obchod\",\"item\":\"https:\/\/stragoo.cz\/obchod\/\"},{\"@type\":\"ListItem\",\"position\":3,\"name\":\"Grabolo\"}]},{\"@type\":\"WebSite\",\"@id\":\"https:\/\/stragoo.cz\/#website\",\"url\":\"https:\/\/stragoo.cz\/\",\"name\":\"Stragoo\",\"description\":\"Dal\u0161\u00ed nov\u00fd web v r\u00e1mci s\u00edt\u011b M\u016fj web online\",\"potentialAction\":[{\"@type\":\"SearchAction\",\"target\":{\"@type\":\"EntryPoint\",\"urlTemplate\":\"https:\/\/stragoo.cz\/?s={search_term_string}\"},\"query-input\":\"required name=search_term_string\"}],\"inLanguage\":\"en-US\"}]}<\/script>","yoast_head_json":{"title":"Grabolo - Stragoo","robots":{"index":"index","follow":"follow","max-snippet":"max-snippet:-1","max-image-preview":"max-image-preview:large","max-video-preview":"max-video-preview:-1"},"canonical":"https:\/\/stragoo.cz\/en\/produkt\/grabolo\/","og_locale":"en_US","og_type":"article","og_title":"Grabolo - Stragoo","og_description":"Contact perception game. Prove that you have the best eyes and the fastest hands at the table. Dice determine the combination of color and number, and you have to react quickly. Grabolo - wild fun for everyone.  Bestseller from Maureen Hiron  &nbsp;","og_url":"https:\/\/stragoo.cz\/en\/produkt\/grabolo\/","og_site_name":"Stragoo","article_modified_time":"2022-11-18T08:28:01+00:00","og_image":[{"width":1000,"height":1000,"url":"https:\/\/stragoo.cz\/assets\/uploads\/sites\/965\/2018\/11\/grabolo.jpg","type":"image\/jpeg"}],"twitter_card":"summary_large_image","schema":{"@context":"https:\/\/schema.org","@graph":[{"@type":"WebPage","@id":"https:\/\/stragoo.cz\/en\/produkt\/grabolo\/","url":"https:\/\/stragoo.cz\/en\/produkt\/grabolo\/","name":"Grabolo - Stragoo","isPartOf":{"@id":"https:\/\/stragoo.cz\/#website"},"datePublished":"2018-11-02T09:51:59+00:00","dateModified":"2022-11-18T08:28:01+00:00","breadcrumb":{"@id":"https:\/\/stragoo.cz\/en\/produkt\/grabolo\/#breadcrumb"},"inLanguage":"en-US","potentialAction":[{"@type":"ReadAction","target":["https:\/\/stragoo.cz\/en\/produkt\/grabolo\/"]}]},{"@type":"BreadcrumbList","@id":"https:\/\/stragoo.cz\/en\/produkt\/grabolo\/#breadcrumb","itemListElement":[{"@type":"ListItem","position":1,"name":"Dom\u016f","item":"https:\/\/stragoo.cz\/en\/"},{"@type":"ListItem","position":2,"name":"Obchod","item":"https:\/\/stragoo.cz\/obchod\/"},{"@type":"ListItem","position":3,"name":"Grabolo"}]},{"@type":"WebSite","@id":"https:\/\/stragoo.cz\/#website","url":"https:\/\/stragoo.cz\/","name":"Stragoo","description":"Dal\u0161\u00ed nov\u00fd web v r\u00e1mci s\u00edt\u011b M\u016fj web online","potentialAction":[{"@type":"SearchAction","target":{"@type":"EntryPoint","urlTemplate":"https:\/\/stragoo.cz\/?s={search_term_string}"},"query-input":"required name=search_term_string"}],"inLanguage":"en-US"}]}},"_links":{"self":[{"href":"https:\/\/stragoo.cz\/en\/wp-json\/wp\/v2\/product\/293","targetHints":{"allow":["GET"]}}],"collection":[{"href":"https:\/\/stragoo.cz\/en\/wp-json\/wp\/v2\/product"}],"about":[{"href":"https:\/\/stragoo.cz\/en\/wp-json\/wp\/v2\/types\/product"}],"replies":[{"embeddable":true,"href":"https:\/\/stragoo.cz\/en\/wp-json\/wp\/v2\/comments?post=293"}],"wp:featuredmedia":[{"embeddable":true,"href":"https:\/\/stragoo.cz\/en\/wp-json\/wp\/v2\/media\/389"}],"wp:attachment":[{"href":"https:\/\/stragoo.cz\/en\/wp-json\/wp\/v2\/media?parent=293"}],"wp:term":[{"taxonomy":"product_brand","embeddable":true,"href":"https:\/\/stragoo.cz\/en\/wp-json\/wp\/v2\/product_brand?post=293"},{"taxonomy":"product_cat","embeddable":true,"href":"https:\/\/stragoo.cz\/en\/wp-json\/wp\/v2\/product_cat?post=293"},{"taxonomy":"product_tag","embeddable":true,"href":"https:\/\/stragoo.cz\/en\/wp-json\/wp\/v2\/product_tag?post=293"}],"curies":[{"name":"wp","href":"https:\/\/api.w.org\/{rel}","templated":true}]}}