{"id":319,"date":"2018-11-06T15:58:56","date_gmt":"2018-11-06T14:58:56","guid":{"rendered":"https:\/\/stragoo.cz\/produkt\/kivi\/"},"modified":"2026-03-29T22:18:05","modified_gmt":"2026-03-29T20:18:05","slug":"kivi","status":"publish","type":"product","link":"https:\/\/stragoo.cz\/en\/produkt\/kivi\/","title":{"rendered":"Kivi"},"content":{"rendered":"<p><iframe loading=\"lazy\" title=\"Kivi \u2013 Teddies\" width=\"500\" height=\"281\" src=\"https:\/\/www.youtube.com\/embed\/UJd0pEP46Kw?feature=oembed\" frameborder=\"0\" allow=\"accelerometer; autoplay; clipboard-write; encrypted-media; gyroscope; picture-in-picture; web-share\" referrerpolicy=\"strict-origin-when-cross-origin\" allowfullscreen><\/iframe><\/p>\n","protected":false},"excerpt":{"rendered":"<p class=\"Zkladnodstavec\">Kivi is a tactical dice game in which players get points by building<br \/>\na series of continuous rows of transparent stones. A dice roll and<br \/>\ntactics determine where the player places the stone. They determine<br \/>\nwhether you will build your own row or block another player.<br \/>\nSimple rules and countless combinations guarantee an exciting<br \/>\ngame until the last move, because this game is GENIUS!<\/p>\n<p>&nbsp;<\/p>\n","protected":false},"featured_media":395,"comment_status":"open","ping_status":"closed","template":"","meta":[],"product_brand":[],"product_cat":[59],"product_tag":[66,55],"class_list":{"0":"post-319","1":"product","2":"type-product","3":"status-publish","4":"has-post-thumbnail","6":"product_cat-uncategorized-cs-en","7":"product_tag-kivi-en","8":"product_tag-stragoo-en","10":"first","11":"instock","12":"shipping-taxable","13":"product-type-simple"},"yoast_head":"<title>Kivi - Stragoo<\/title>\n<meta name=\"robots\" content=\"index, follow, max-snippet:-1, max-image-preview:large, max-video-preview:-1\" \/>\n<link rel=\"canonical\" href=\"https:\/\/stragoo.cz\/en\/produkt\/kivi\/\" \/>\n<meta property=\"og:locale\" content=\"en_US\" \/>\n<meta property=\"og:type\" content=\"article\" \/>\n<meta property=\"og:title\" content=\"Kivi - Stragoo\" \/>\n<meta property=\"og:description\" content=\"Kivi is a tactical dice game in which players get points by building a series of continuous rows of transparent stones. A dice roll and tactics determine where the player places the stone. They determine whether you will build your own row or block another player. Simple rules and countless combinations guarantee an exciting game until the last move, because this game is GENIUS! &nbsp;\" \/>\n<meta property=\"og:url\" content=\"https:\/\/stragoo.cz\/en\/produkt\/kivi\/\" \/>\n<meta property=\"og:site_name\" content=\"Stragoo\" \/>\n<meta property=\"article:modified_time\" content=\"2026-03-29T20:18:05+00:00\" \/>\n<meta property=\"og:image\" content=\"https:\/\/stragoo.cz\/assets\/uploads\/sites\/965\/2018\/11\/kivi.jpg\" \/>\n\t<meta property=\"og:image:width\" content=\"1000\" \/>\n\t<meta property=\"og:image:height\" content=\"1000\" \/>\n\t<meta property=\"og:image:type\" content=\"image\/jpeg\" \/>\n<meta name=\"twitter:card\" content=\"summary_large_image\" \/>\n<script type=\"application\/ld+json\" class=\"yoast-schema-graph\">{\"@context\":\"https:\/\/schema.org\",\"@graph\":[{\"@type\":\"WebPage\",\"@id\":\"https:\/\/stragoo.cz\/en\/produkt\/kivi\/\",\"url\":\"https:\/\/stragoo.cz\/en\/produkt\/kivi\/\",\"name\":\"Kivi - Stragoo\",\"isPartOf\":{\"@id\":\"https:\/\/stragoo.cz\/#website\"},\"datePublished\":\"2018-11-06T14:58:56+00:00\",\"dateModified\":\"2026-03-29T20:18:05+00:00\",\"breadcrumb\":{\"@id\":\"https:\/\/stragoo.cz\/en\/produkt\/kivi\/#breadcrumb\"},\"inLanguage\":\"en-US\",\"potentialAction\":[{\"@type\":\"ReadAction\",\"target\":[\"https:\/\/stragoo.cz\/en\/produkt\/kivi\/\"]}]},{\"@type\":\"BreadcrumbList\",\"@id\":\"https:\/\/stragoo.cz\/en\/produkt\/kivi\/#breadcrumb\",\"itemListElement\":[{\"@type\":\"ListItem\",\"position\":1,\"name\":\"Dom\u016f\",\"item\":\"https:\/\/stragoo.cz\/en\/\"},{\"@type\":\"ListItem\",\"position\":2,\"name\":\"Obchod\",\"item\":\"https:\/\/stragoo.cz\/obchod\/\"},{\"@type\":\"ListItem\",\"position\":3,\"name\":\"Kivi\"}]},{\"@type\":\"WebSite\",\"@id\":\"https:\/\/stragoo.cz\/#website\",\"url\":\"https:\/\/stragoo.cz\/\",\"name\":\"Stragoo\",\"description\":\"Dal\u0161\u00ed nov\u00fd web v r\u00e1mci s\u00edt\u011b M\u016fj web online\",\"potentialAction\":[{\"@type\":\"SearchAction\",\"target\":{\"@type\":\"EntryPoint\",\"urlTemplate\":\"https:\/\/stragoo.cz\/?s={search_term_string}\"},\"query-input\":\"required name=search_term_string\"}],\"inLanguage\":\"en-US\"}]}<\/script>","yoast_head_json":{"title":"Kivi - Stragoo","robots":{"index":"index","follow":"follow","max-snippet":"max-snippet:-1","max-image-preview":"max-image-preview:large","max-video-preview":"max-video-preview:-1"},"canonical":"https:\/\/stragoo.cz\/en\/produkt\/kivi\/","og_locale":"en_US","og_type":"article","og_title":"Kivi - Stragoo","og_description":"Kivi is a tactical dice game in which players get points by building a series of continuous rows of transparent stones. A dice roll and tactics determine where the player places the stone. They determine whether you will build your own row or block another player. Simple rules and countless combinations guarantee an exciting game until the last move, because this game is GENIUS! &nbsp;","og_url":"https:\/\/stragoo.cz\/en\/produkt\/kivi\/","og_site_name":"Stragoo","article_modified_time":"2026-03-29T20:18:05+00:00","og_image":[{"width":1000,"height":1000,"url":"https:\/\/stragoo.cz\/assets\/uploads\/sites\/965\/2018\/11\/kivi.jpg","type":"image\/jpeg"}],"twitter_card":"summary_large_image","schema":{"@context":"https:\/\/schema.org","@graph":[{"@type":"WebPage","@id":"https:\/\/stragoo.cz\/en\/produkt\/kivi\/","url":"https:\/\/stragoo.cz\/en\/produkt\/kivi\/","name":"Kivi - Stragoo","isPartOf":{"@id":"https:\/\/stragoo.cz\/#website"},"datePublished":"2018-11-06T14:58:56+00:00","dateModified":"2026-03-29T20:18:05+00:00","breadcrumb":{"@id":"https:\/\/stragoo.cz\/en\/produkt\/kivi\/#breadcrumb"},"inLanguage":"en-US","potentialAction":[{"@type":"ReadAction","target":["https:\/\/stragoo.cz\/en\/produkt\/kivi\/"]}]},{"@type":"BreadcrumbList","@id":"https:\/\/stragoo.cz\/en\/produkt\/kivi\/#breadcrumb","itemListElement":[{"@type":"ListItem","position":1,"name":"Dom\u016f","item":"https:\/\/stragoo.cz\/en\/"},{"@type":"ListItem","position":2,"name":"Obchod","item":"https:\/\/stragoo.cz\/obchod\/"},{"@type":"ListItem","position":3,"name":"Kivi"}]},{"@type":"WebSite","@id":"https:\/\/stragoo.cz\/#website","url":"https:\/\/stragoo.cz\/","name":"Stragoo","description":"Dal\u0161\u00ed nov\u00fd web v r\u00e1mci s\u00edt\u011b M\u016fj web online","potentialAction":[{"@type":"SearchAction","target":{"@type":"EntryPoint","urlTemplate":"https:\/\/stragoo.cz\/?s={search_term_string}"},"query-input":"required name=search_term_string"}],"inLanguage":"en-US"}]}},"_links":{"self":[{"href":"https:\/\/stragoo.cz\/en\/wp-json\/wp\/v2\/product\/319","targetHints":{"allow":["GET"]}}],"collection":[{"href":"https:\/\/stragoo.cz\/en\/wp-json\/wp\/v2\/product"}],"about":[{"href":"https:\/\/stragoo.cz\/en\/wp-json\/wp\/v2\/types\/product"}],"replies":[{"embeddable":true,"href":"https:\/\/stragoo.cz\/en\/wp-json\/wp\/v2\/comments?post=319"}],"wp:featuredmedia":[{"embeddable":true,"href":"https:\/\/stragoo.cz\/en\/wp-json\/wp\/v2\/media\/395"}],"wp:attachment":[{"href":"https:\/\/stragoo.cz\/en\/wp-json\/wp\/v2\/media?parent=319"}],"wp:term":[{"taxonomy":"product_brand","embeddable":true,"href":"https:\/\/stragoo.cz\/en\/wp-json\/wp\/v2\/product_brand?post=319"},{"taxonomy":"product_cat","embeddable":true,"href":"https:\/\/stragoo.cz\/en\/wp-json\/wp\/v2\/product_cat?post=319"},{"taxonomy":"product_tag","embeddable":true,"href":"https:\/\/stragoo.cz\/en\/wp-json\/wp\/v2\/product_tag?post=319"}],"curies":[{"name":"wp","href":"https:\/\/api.w.org\/{rel}","templated":true}]}}