{"id":326,"date":"2018-11-06T16:07:11","date_gmt":"2018-11-06T15:07:11","guid":{"rendered":"https:\/\/stragoo.cz\/produkt\/keetoo\/"},"modified":"2023-08-12T14:41:58","modified_gmt":"2023-08-12T12:41:58","slug":"keetoo","status":"publish","type":"product","link":"https:\/\/stragoo.cz\/en\/produkt\/keetoo\/","title":{"rendered":"Keetoo"},"content":{"rendered":"<p><iframe loading=\"lazy\" title=\"Keetoo \u2013 Teddies\" width=\"500\" height=\"281\" src=\"https:\/\/www.youtube.com\/embed\/3u6PllPf49Y?feature=oembed\" frameborder=\"0\" allow=\"accelerometer; autoplay; clipboard-write; encrypted-media; gyroscope; picture-in-picture; web-share\" referrerpolicy=\"strict-origin-when-cross-origin\" allowfullscreen><\/iframe><\/p>\n","protected":false},"excerpt":{"rendered":"<p>Be the first to identify the missing symbols from each card and<br \/>\ncollect the most points! Shout \u201eKEETOO\u201c to keep the other players<br \/>\nfrom having time to figure it out on their own&#8230;<\/p>\n<p>KEETOO \u2013 fast paced fun for the whole family!<\/p>\n","protected":false},"featured_media":393,"comment_status":"open","ping_status":"closed","template":"","meta":[],"product_brand":[],"product_cat":[59],"product_tag":[79,55],"class_list":{"0":"post-326","1":"product","2":"type-product","3":"status-publish","4":"has-post-thumbnail","6":"product_cat-uncategorized-cs-en","7":"product_tag-keeto-en","8":"product_tag-stragoo-en","10":"first","11":"instock","12":"shipping-taxable","13":"product-type-simple"},"yoast_head":"<title>Keetoo - Stragoo<\/title>\n<meta name=\"robots\" content=\"index, follow, max-snippet:-1, max-image-preview:large, max-video-preview:-1\" \/>\n<link rel=\"canonical\" href=\"https:\/\/stragoo.cz\/en\/produkt\/keetoo\/\" \/>\n<meta property=\"og:locale\" content=\"en_US\" \/>\n<meta property=\"og:type\" content=\"article\" \/>\n<meta property=\"og:title\" content=\"Keetoo - Stragoo\" \/>\n<meta property=\"og:description\" content=\"Be the first to identify the missing symbols from each card and collect the most points! Shout \u201eKEETOO\u201c to keep the other players from having time to figure it out on their own...  KEETOO \u2013 fast paced fun for the whole family!\" \/>\n<meta property=\"og:url\" content=\"https:\/\/stragoo.cz\/en\/produkt\/keetoo\/\" \/>\n<meta property=\"og:site_name\" content=\"Stragoo\" \/>\n<meta property=\"article:modified_time\" content=\"2023-08-12T12:41:58+00:00\" \/>\n<meta property=\"og:image\" content=\"https:\/\/stragoo.cz\/assets\/uploads\/sites\/965\/2018\/11\/keetoo.jpg\" \/>\n\t<meta property=\"og:image:width\" content=\"1000\" \/>\n\t<meta property=\"og:image:height\" content=\"1000\" \/>\n\t<meta property=\"og:image:type\" content=\"image\/jpeg\" \/>\n<meta name=\"twitter:card\" content=\"summary_large_image\" \/>\n<script type=\"application\/ld+json\" class=\"yoast-schema-graph\">{\"@context\":\"https:\/\/schema.org\",\"@graph\":[{\"@type\":\"WebPage\",\"@id\":\"https:\/\/stragoo.cz\/en\/produkt\/keetoo\/\",\"url\":\"https:\/\/stragoo.cz\/en\/produkt\/keetoo\/\",\"name\":\"Keetoo - Stragoo\",\"isPartOf\":{\"@id\":\"https:\/\/stragoo.cz\/#website\"},\"datePublished\":\"2018-11-06T15:07:11+00:00\",\"dateModified\":\"2023-08-12T12:41:58+00:00\",\"breadcrumb\":{\"@id\":\"https:\/\/stragoo.cz\/en\/produkt\/keetoo\/#breadcrumb\"},\"inLanguage\":\"en-US\",\"potentialAction\":[{\"@type\":\"ReadAction\",\"target\":[\"https:\/\/stragoo.cz\/en\/produkt\/keetoo\/\"]}]},{\"@type\":\"BreadcrumbList\",\"@id\":\"https:\/\/stragoo.cz\/en\/produkt\/keetoo\/#breadcrumb\",\"itemListElement\":[{\"@type\":\"ListItem\",\"position\":1,\"name\":\"Dom\u016f\",\"item\":\"https:\/\/stragoo.cz\/en\/\"},{\"@type\":\"ListItem\",\"position\":2,\"name\":\"Obchod\",\"item\":\"https:\/\/stragoo.cz\/obchod\/\"},{\"@type\":\"ListItem\",\"position\":3,\"name\":\"Keetoo\"}]},{\"@type\":\"WebSite\",\"@id\":\"https:\/\/stragoo.cz\/#website\",\"url\":\"https:\/\/stragoo.cz\/\",\"name\":\"Stragoo\",\"description\":\"Dal\u0161\u00ed nov\u00fd web v r\u00e1mci s\u00edt\u011b M\u016fj web online\",\"potentialAction\":[{\"@type\":\"SearchAction\",\"target\":{\"@type\":\"EntryPoint\",\"urlTemplate\":\"https:\/\/stragoo.cz\/?s={search_term_string}\"},\"query-input\":\"required name=search_term_string\"}],\"inLanguage\":\"en-US\"}]}<\/script>","yoast_head_json":{"title":"Keetoo - Stragoo","robots":{"index":"index","follow":"follow","max-snippet":"max-snippet:-1","max-image-preview":"max-image-preview:large","max-video-preview":"max-video-preview:-1"},"canonical":"https:\/\/stragoo.cz\/en\/produkt\/keetoo\/","og_locale":"en_US","og_type":"article","og_title":"Keetoo - Stragoo","og_description":"Be the first to identify the missing symbols from each card and collect the most points! Shout \u201eKEETOO\u201c to keep the other players from having time to figure it out on their own...  KEETOO \u2013 fast paced fun for the whole family!","og_url":"https:\/\/stragoo.cz\/en\/produkt\/keetoo\/","og_site_name":"Stragoo","article_modified_time":"2023-08-12T12:41:58+00:00","og_image":[{"width":1000,"height":1000,"url":"https:\/\/stragoo.cz\/assets\/uploads\/sites\/965\/2018\/11\/keetoo.jpg","type":"image\/jpeg"}],"twitter_card":"summary_large_image","schema":{"@context":"https:\/\/schema.org","@graph":[{"@type":"WebPage","@id":"https:\/\/stragoo.cz\/en\/produkt\/keetoo\/","url":"https:\/\/stragoo.cz\/en\/produkt\/keetoo\/","name":"Keetoo - Stragoo","isPartOf":{"@id":"https:\/\/stragoo.cz\/#website"},"datePublished":"2018-11-06T15:07:11+00:00","dateModified":"2023-08-12T12:41:58+00:00","breadcrumb":{"@id":"https:\/\/stragoo.cz\/en\/produkt\/keetoo\/#breadcrumb"},"inLanguage":"en-US","potentialAction":[{"@type":"ReadAction","target":["https:\/\/stragoo.cz\/en\/produkt\/keetoo\/"]}]},{"@type":"BreadcrumbList","@id":"https:\/\/stragoo.cz\/en\/produkt\/keetoo\/#breadcrumb","itemListElement":[{"@type":"ListItem","position":1,"name":"Dom\u016f","item":"https:\/\/stragoo.cz\/en\/"},{"@type":"ListItem","position":2,"name":"Obchod","item":"https:\/\/stragoo.cz\/obchod\/"},{"@type":"ListItem","position":3,"name":"Keetoo"}]},{"@type":"WebSite","@id":"https:\/\/stragoo.cz\/#website","url":"https:\/\/stragoo.cz\/","name":"Stragoo","description":"Dal\u0161\u00ed nov\u00fd web v r\u00e1mci s\u00edt\u011b M\u016fj web online","potentialAction":[{"@type":"SearchAction","target":{"@type":"EntryPoint","urlTemplate":"https:\/\/stragoo.cz\/?s={search_term_string}"},"query-input":"required name=search_term_string"}],"inLanguage":"en-US"}]}},"_links":{"self":[{"href":"https:\/\/stragoo.cz\/en\/wp-json\/wp\/v2\/product\/326","targetHints":{"allow":["GET"]}}],"collection":[{"href":"https:\/\/stragoo.cz\/en\/wp-json\/wp\/v2\/product"}],"about":[{"href":"https:\/\/stragoo.cz\/en\/wp-json\/wp\/v2\/types\/product"}],"replies":[{"embeddable":true,"href":"https:\/\/stragoo.cz\/en\/wp-json\/wp\/v2\/comments?post=326"}],"wp:featuredmedia":[{"embeddable":true,"href":"https:\/\/stragoo.cz\/en\/wp-json\/wp\/v2\/media\/393"}],"wp:attachment":[{"href":"https:\/\/stragoo.cz\/en\/wp-json\/wp\/v2\/media?parent=326"}],"wp:term":[{"taxonomy":"product_brand","embeddable":true,"href":"https:\/\/stragoo.cz\/en\/wp-json\/wp\/v2\/product_brand?post=326"},{"taxonomy":"product_cat","embeddable":true,"href":"https:\/\/stragoo.cz\/en\/wp-json\/wp\/v2\/product_cat?post=326"},{"taxonomy":"product_tag","embeddable":true,"href":"https:\/\/stragoo.cz\/en\/wp-json\/wp\/v2\/product_tag?post=326"}],"curies":[{"name":"wp","href":"https:\/\/api.w.org\/{rel}","templated":true}]}}