{"id":329,"date":"2018-11-09T11:01:10","date_gmt":"2018-11-09T10:01:10","guid":{"rendered":"https:\/\/stragoo.cz\/produkt\/sneak-peek\/"},"modified":"2024-03-24T05:34:14","modified_gmt":"2024-03-24T04:34:14","slug":"sneak-peek","status":"publish","type":"product","link":"https:\/\/stragoo.cz\/en\/produkt\/sneak-peek\/","title":{"rendered":"Sneak Peek"},"content":{"rendered":"","protected":false},"excerpt":{"rendered":"<p>Look for the same shapes or colours on all 3 cards.<\/p>\n<p>3 of one colour , 3 of one symbol or\u00a0\u00a02 matching pairs on 3 cards &#8211;\u00a0 one pair of a colour, one pair of a shape<\/p>\n<p>A sharp mind, eagle eyes and fast fingers can help you! Two games in one box.<\/p>\n<p>From Maureen Hiron, creator of blockbuster games such as Grabolo, Tripolo and many more!<\/p>\n<p>&nbsp;<\/p>\n","protected":false},"featured_media":403,"comment_status":"open","ping_status":"closed","template":"","meta":[],"product_brand":[],"product_cat":[59],"product_tag":[],"class_list":{"0":"post-329","1":"product","2":"type-product","3":"status-publish","4":"has-post-thumbnail","6":"product_cat-uncategorized-cs-en","8":"first","9":"instock","10":"shipping-taxable","11":"product-type-simple"},"yoast_head":"<title>Sneak Peek - Stragoo<\/title>\n<meta name=\"robots\" content=\"index, follow, max-snippet:-1, max-image-preview:large, max-video-preview:-1\" \/>\n<link rel=\"canonical\" href=\"https:\/\/stragoo.cz\/en\/produkt\/sneak-peek\/\" \/>\n<meta property=\"og:locale\" content=\"en_US\" \/>\n<meta property=\"og:type\" content=\"article\" \/>\n<meta property=\"og:title\" content=\"Sneak Peek - Stragoo\" \/>\n<meta property=\"og:description\" content=\"Look for the same shapes or colours on all 3 cards.  3 of one colour , 3 of one symbol or\u00a0\u00a02 matching pairs on 3 cards -\u00a0 one pair of a colour, one pair of a shape  A sharp mind, eagle eyes and fast fingers can help you! Two games in one box.  From Maureen Hiron, creator of blockbuster games such as Grabolo, Tripolo and many more!  &nbsp;\" \/>\n<meta property=\"og:url\" content=\"https:\/\/stragoo.cz\/en\/produkt\/sneak-peek\/\" \/>\n<meta property=\"og:site_name\" content=\"Stragoo\" \/>\n<meta property=\"article:modified_time\" content=\"2024-03-24T04:34:14+00:00\" \/>\n<meta property=\"og:image\" content=\"https:\/\/stragoo.cz\/assets\/uploads\/sites\/965\/2018\/11\/sneakpeek.jpg\" \/>\n\t<meta property=\"og:image:width\" content=\"1000\" \/>\n\t<meta property=\"og:image:height\" content=\"1000\" \/>\n\t<meta property=\"og:image:type\" content=\"image\/jpeg\" \/>\n<meta name=\"twitter:card\" content=\"summary_large_image\" \/>\n<script type=\"application\/ld+json\" class=\"yoast-schema-graph\">{\"@context\":\"https:\/\/schema.org\",\"@graph\":[{\"@type\":\"WebPage\",\"@id\":\"https:\/\/stragoo.cz\/en\/produkt\/sneak-peek\/\",\"url\":\"https:\/\/stragoo.cz\/en\/produkt\/sneak-peek\/\",\"name\":\"Sneak Peek - Stragoo\",\"isPartOf\":{\"@id\":\"https:\/\/stragoo.cz\/#website\"},\"datePublished\":\"2018-11-09T10:01:10+00:00\",\"dateModified\":\"2024-03-24T04:34:14+00:00\",\"breadcrumb\":{\"@id\":\"https:\/\/stragoo.cz\/en\/produkt\/sneak-peek\/#breadcrumb\"},\"inLanguage\":\"en-US\",\"potentialAction\":[{\"@type\":\"ReadAction\",\"target\":[\"https:\/\/stragoo.cz\/en\/produkt\/sneak-peek\/\"]}]},{\"@type\":\"BreadcrumbList\",\"@id\":\"https:\/\/stragoo.cz\/en\/produkt\/sneak-peek\/#breadcrumb\",\"itemListElement\":[{\"@type\":\"ListItem\",\"position\":1,\"name\":\"Dom\u016f\",\"item\":\"https:\/\/stragoo.cz\/en\/\"},{\"@type\":\"ListItem\",\"position\":2,\"name\":\"Obchod\",\"item\":\"https:\/\/stragoo.cz\/obchod\/\"},{\"@type\":\"ListItem\",\"position\":3,\"name\":\"Sneak Peek\"}]},{\"@type\":\"WebSite\",\"@id\":\"https:\/\/stragoo.cz\/#website\",\"url\":\"https:\/\/stragoo.cz\/\",\"name\":\"Stragoo\",\"description\":\"Dal\u0161\u00ed nov\u00fd web v r\u00e1mci s\u00edt\u011b M\u016fj web online\",\"potentialAction\":[{\"@type\":\"SearchAction\",\"target\":{\"@type\":\"EntryPoint\",\"urlTemplate\":\"https:\/\/stragoo.cz\/?s={search_term_string}\"},\"query-input\":\"required name=search_term_string\"}],\"inLanguage\":\"en-US\"}]}<\/script>","yoast_head_json":{"title":"Sneak Peek - Stragoo","robots":{"index":"index","follow":"follow","max-snippet":"max-snippet:-1","max-image-preview":"max-image-preview:large","max-video-preview":"max-video-preview:-1"},"canonical":"https:\/\/stragoo.cz\/en\/produkt\/sneak-peek\/","og_locale":"en_US","og_type":"article","og_title":"Sneak Peek - Stragoo","og_description":"Look for the same shapes or colours on all 3 cards.  3 of one colour , 3 of one symbol or\u00a0\u00a02 matching pairs on 3 cards -\u00a0 one pair of a colour, one pair of a shape  A sharp mind, eagle eyes and fast fingers can help you! Two games in one box.  From Maureen Hiron, creator of blockbuster games such as Grabolo, Tripolo and many more!  &nbsp;","og_url":"https:\/\/stragoo.cz\/en\/produkt\/sneak-peek\/","og_site_name":"Stragoo","article_modified_time":"2024-03-24T04:34:14+00:00","og_image":[{"width":1000,"height":1000,"url":"https:\/\/stragoo.cz\/assets\/uploads\/sites\/965\/2018\/11\/sneakpeek.jpg","type":"image\/jpeg"}],"twitter_card":"summary_large_image","schema":{"@context":"https:\/\/schema.org","@graph":[{"@type":"WebPage","@id":"https:\/\/stragoo.cz\/en\/produkt\/sneak-peek\/","url":"https:\/\/stragoo.cz\/en\/produkt\/sneak-peek\/","name":"Sneak Peek - Stragoo","isPartOf":{"@id":"https:\/\/stragoo.cz\/#website"},"datePublished":"2018-11-09T10:01:10+00:00","dateModified":"2024-03-24T04:34:14+00:00","breadcrumb":{"@id":"https:\/\/stragoo.cz\/en\/produkt\/sneak-peek\/#breadcrumb"},"inLanguage":"en-US","potentialAction":[{"@type":"ReadAction","target":["https:\/\/stragoo.cz\/en\/produkt\/sneak-peek\/"]}]},{"@type":"BreadcrumbList","@id":"https:\/\/stragoo.cz\/en\/produkt\/sneak-peek\/#breadcrumb","itemListElement":[{"@type":"ListItem","position":1,"name":"Dom\u016f","item":"https:\/\/stragoo.cz\/en\/"},{"@type":"ListItem","position":2,"name":"Obchod","item":"https:\/\/stragoo.cz\/obchod\/"},{"@type":"ListItem","position":3,"name":"Sneak Peek"}]},{"@type":"WebSite","@id":"https:\/\/stragoo.cz\/#website","url":"https:\/\/stragoo.cz\/","name":"Stragoo","description":"Dal\u0161\u00ed nov\u00fd web v r\u00e1mci s\u00edt\u011b M\u016fj web online","potentialAction":[{"@type":"SearchAction","target":{"@type":"EntryPoint","urlTemplate":"https:\/\/stragoo.cz\/?s={search_term_string}"},"query-input":"required name=search_term_string"}],"inLanguage":"en-US"}]}},"_links":{"self":[{"href":"https:\/\/stragoo.cz\/en\/wp-json\/wp\/v2\/product\/329","targetHints":{"allow":["GET"]}}],"collection":[{"href":"https:\/\/stragoo.cz\/en\/wp-json\/wp\/v2\/product"}],"about":[{"href":"https:\/\/stragoo.cz\/en\/wp-json\/wp\/v2\/types\/product"}],"replies":[{"embeddable":true,"href":"https:\/\/stragoo.cz\/en\/wp-json\/wp\/v2\/comments?post=329"}],"wp:featuredmedia":[{"embeddable":true,"href":"https:\/\/stragoo.cz\/en\/wp-json\/wp\/v2\/media\/403"}],"wp:attachment":[{"href":"https:\/\/stragoo.cz\/en\/wp-json\/wp\/v2\/media?parent=329"}],"wp:term":[{"taxonomy":"product_brand","embeddable":true,"href":"https:\/\/stragoo.cz\/en\/wp-json\/wp\/v2\/product_brand?post=329"},{"taxonomy":"product_cat","embeddable":true,"href":"https:\/\/stragoo.cz\/en\/wp-json\/wp\/v2\/product_cat?post=329"},{"taxonomy":"product_tag","embeddable":true,"href":"https:\/\/stragoo.cz\/en\/wp-json\/wp\/v2\/product_tag?post=329"}],"curies":[{"name":"wp","href":"https:\/\/api.w.org\/{rel}","templated":true}]}}