{"id":334,"date":"2018-11-06T21:31:15","date_gmt":"2018-11-06T20:31:15","guid":{"rendered":"https:\/\/stragoo.cz\/produkt\/tripolo\/"},"modified":"2026-04-19T01:00:40","modified_gmt":"2026-04-18T23:00:40","slug":"tripolo","status":"publish","type":"product","link":"https:\/\/stragoo.cz\/en\/produkt\/tripolo\/","title":{"rendered":"Tripolo"},"content":{"rendered":"","protected":false},"excerpt":{"rendered":"<p>Worldwide bestseller.<\/p>\n<p>Three in a row &#8211; that\u2018s \u201cTRIPOLO\u201d.<\/p>\n<p>Anywhere there are two similar<br \/>\ncards in a row, play the appropriate card from<br \/>\nyour hand, and created a \u201eTRIPOLO\u201c &#8211; three in a<br \/>\nrow horizontally, vertically or diagonally.<br \/>\nBe quick, as the first one to get rid of all their<br \/>\ncards wins!<\/p>\n<p>&nbsp;<\/p>\n<p>Fast Reflex Game. With the speed of your observation<br \/>\nup against your rivals, as quickly as<br \/>\npossible place your cards by colour, character or letter.<br \/>\nCreate a \u201cTRIPOLO\u201d, place all of your cards and<br \/>\nwin.<\/p>\n<p>&nbsp;<\/p>\n","protected":false},"featured_media":405,"comment_status":"open","ping_status":"closed","template":"","meta":[],"product_brand":[],"product_cat":[59],"product_tag":[55,85],"class_list":{"0":"post-334","1":"product","2":"type-product","3":"status-publish","4":"has-post-thumbnail","6":"product_cat-uncategorized-cs-en","7":"product_tag-stragoo-en","8":"product_tag-tripolo-en","10":"first","11":"instock","12":"shipping-taxable","13":"product-type-simple"},"yoast_head":"<title>Tripolo - Stragoo<\/title>\n<meta name=\"robots\" content=\"index, follow, max-snippet:-1, max-image-preview:large, max-video-preview:-1\" \/>\n<link rel=\"canonical\" href=\"https:\/\/stragoo.cz\/en\/produkt\/tripolo\/\" \/>\n<meta property=\"og:locale\" content=\"en_US\" \/>\n<meta property=\"og:type\" content=\"article\" \/>\n<meta property=\"og:title\" content=\"Tripolo - Stragoo\" \/>\n<meta property=\"og:description\" content=\"Worldwide bestseller.  Three in a row - that\u2018s \u201cTRIPOLO\u201d.  Anywhere there are two similar cards in a row, play the appropriate card from your hand, and created a \u201eTRIPOLO\u201c - three in a row horizontally, vertically or diagonally. Be quick, as the first one to get rid of all their cards wins!  &nbsp;  Fast Reflex Game. With the speed of your observation up against your rivals, as quickly as possible place your cards by colour, character or letter. Create a \u201cTRIPOLO\u201d, place all of your cards and win.  &nbsp;\" \/>\n<meta property=\"og:url\" content=\"https:\/\/stragoo.cz\/en\/produkt\/tripolo\/\" \/>\n<meta property=\"og:site_name\" content=\"Stragoo\" \/>\n<meta property=\"article:modified_time\" content=\"2026-04-18T23:00:40+00:00\" \/>\n<meta property=\"og:image\" content=\"https:\/\/stragoo.cz\/assets\/uploads\/sites\/965\/2018\/11\/tripolo.jpg\" \/>\n\t<meta property=\"og:image:width\" content=\"1000\" \/>\n\t<meta property=\"og:image:height\" content=\"1000\" \/>\n\t<meta property=\"og:image:type\" content=\"image\/jpeg\" \/>\n<meta name=\"twitter:card\" content=\"summary_large_image\" \/>\n<script type=\"application\/ld+json\" class=\"yoast-schema-graph\">{\"@context\":\"https:\/\/schema.org\",\"@graph\":[{\"@type\":\"WebPage\",\"@id\":\"https:\/\/stragoo.cz\/en\/produkt\/tripolo\/\",\"url\":\"https:\/\/stragoo.cz\/en\/produkt\/tripolo\/\",\"name\":\"Tripolo - Stragoo\",\"isPartOf\":{\"@id\":\"https:\/\/stragoo.cz\/#website\"},\"datePublished\":\"2018-11-06T20:31:15+00:00\",\"dateModified\":\"2026-04-18T23:00:40+00:00\",\"breadcrumb\":{\"@id\":\"https:\/\/stragoo.cz\/en\/produkt\/tripolo\/#breadcrumb\"},\"inLanguage\":\"en-US\",\"potentialAction\":[{\"@type\":\"ReadAction\",\"target\":[\"https:\/\/stragoo.cz\/en\/produkt\/tripolo\/\"]}]},{\"@type\":\"BreadcrumbList\",\"@id\":\"https:\/\/stragoo.cz\/en\/produkt\/tripolo\/#breadcrumb\",\"itemListElement\":[{\"@type\":\"ListItem\",\"position\":1,\"name\":\"Dom\u016f\",\"item\":\"https:\/\/stragoo.cz\/en\/\"},{\"@type\":\"ListItem\",\"position\":2,\"name\":\"Obchod\",\"item\":\"https:\/\/stragoo.cz\/obchod\/\"},{\"@type\":\"ListItem\",\"position\":3,\"name\":\"Tripolo\"}]},{\"@type\":\"WebSite\",\"@id\":\"https:\/\/stragoo.cz\/#website\",\"url\":\"https:\/\/stragoo.cz\/\",\"name\":\"Stragoo\",\"description\":\"Dal\u0161\u00ed nov\u00fd web v r\u00e1mci s\u00edt\u011b M\u016fj web online\",\"potentialAction\":[{\"@type\":\"SearchAction\",\"target\":{\"@type\":\"EntryPoint\",\"urlTemplate\":\"https:\/\/stragoo.cz\/?s={search_term_string}\"},\"query-input\":\"required name=search_term_string\"}],\"inLanguage\":\"en-US\"}]}<\/script>","yoast_head_json":{"title":"Tripolo - Stragoo","robots":{"index":"index","follow":"follow","max-snippet":"max-snippet:-1","max-image-preview":"max-image-preview:large","max-video-preview":"max-video-preview:-1"},"canonical":"https:\/\/stragoo.cz\/en\/produkt\/tripolo\/","og_locale":"en_US","og_type":"article","og_title":"Tripolo - Stragoo","og_description":"Worldwide bestseller.  Three in a row - that\u2018s \u201cTRIPOLO\u201d.  Anywhere there are two similar cards in a row, play the appropriate card from your hand, and created a \u201eTRIPOLO\u201c - three in a row horizontally, vertically or diagonally. Be quick, as the first one to get rid of all their cards wins!  &nbsp;  Fast Reflex Game. With the speed of your observation up against your rivals, as quickly as possible place your cards by colour, character or letter. Create a \u201cTRIPOLO\u201d, place all of your cards and win.  &nbsp;","og_url":"https:\/\/stragoo.cz\/en\/produkt\/tripolo\/","og_site_name":"Stragoo","article_modified_time":"2026-04-18T23:00:40+00:00","og_image":[{"width":1000,"height":1000,"url":"https:\/\/stragoo.cz\/assets\/uploads\/sites\/965\/2018\/11\/tripolo.jpg","type":"image\/jpeg"}],"twitter_card":"summary_large_image","schema":{"@context":"https:\/\/schema.org","@graph":[{"@type":"WebPage","@id":"https:\/\/stragoo.cz\/en\/produkt\/tripolo\/","url":"https:\/\/stragoo.cz\/en\/produkt\/tripolo\/","name":"Tripolo - Stragoo","isPartOf":{"@id":"https:\/\/stragoo.cz\/#website"},"datePublished":"2018-11-06T20:31:15+00:00","dateModified":"2026-04-18T23:00:40+00:00","breadcrumb":{"@id":"https:\/\/stragoo.cz\/en\/produkt\/tripolo\/#breadcrumb"},"inLanguage":"en-US","potentialAction":[{"@type":"ReadAction","target":["https:\/\/stragoo.cz\/en\/produkt\/tripolo\/"]}]},{"@type":"BreadcrumbList","@id":"https:\/\/stragoo.cz\/en\/produkt\/tripolo\/#breadcrumb","itemListElement":[{"@type":"ListItem","position":1,"name":"Dom\u016f","item":"https:\/\/stragoo.cz\/en\/"},{"@type":"ListItem","position":2,"name":"Obchod","item":"https:\/\/stragoo.cz\/obchod\/"},{"@type":"ListItem","position":3,"name":"Tripolo"}]},{"@type":"WebSite","@id":"https:\/\/stragoo.cz\/#website","url":"https:\/\/stragoo.cz\/","name":"Stragoo","description":"Dal\u0161\u00ed nov\u00fd web v r\u00e1mci s\u00edt\u011b M\u016fj web online","potentialAction":[{"@type":"SearchAction","target":{"@type":"EntryPoint","urlTemplate":"https:\/\/stragoo.cz\/?s={search_term_string}"},"query-input":"required name=search_term_string"}],"inLanguage":"en-US"}]}},"_links":{"self":[{"href":"https:\/\/stragoo.cz\/en\/wp-json\/wp\/v2\/product\/334","targetHints":{"allow":["GET"]}}],"collection":[{"href":"https:\/\/stragoo.cz\/en\/wp-json\/wp\/v2\/product"}],"about":[{"href":"https:\/\/stragoo.cz\/en\/wp-json\/wp\/v2\/types\/product"}],"replies":[{"embeddable":true,"href":"https:\/\/stragoo.cz\/en\/wp-json\/wp\/v2\/comments?post=334"}],"wp:featuredmedia":[{"embeddable":true,"href":"https:\/\/stragoo.cz\/en\/wp-json\/wp\/v2\/media\/405"}],"wp:attachment":[{"href":"https:\/\/stragoo.cz\/en\/wp-json\/wp\/v2\/media?parent=334"}],"wp:term":[{"taxonomy":"product_brand","embeddable":true,"href":"https:\/\/stragoo.cz\/en\/wp-json\/wp\/v2\/product_brand?post=334"},{"taxonomy":"product_cat","embeddable":true,"href":"https:\/\/stragoo.cz\/en\/wp-json\/wp\/v2\/product_cat?post=334"},{"taxonomy":"product_tag","embeddable":true,"href":"https:\/\/stragoo.cz\/en\/wp-json\/wp\/v2\/product_tag?post=334"}],"curies":[{"name":"wp","href":"https:\/\/api.w.org\/{rel}","templated":true}]}}