{"id":335,"date":"2018-11-01T14:21:04","date_gmt":"2018-11-01T13:21:04","guid":{"rendered":"https:\/\/stragoo.cz\/produkt\/grabolo-junior\/"},"modified":"2025-05-29T14:08:58","modified_gmt":"2025-05-29T12:08:58","slug":"grabolo-junior","status":"publish","type":"product","link":"https:\/\/stragoo.cz\/en\/produkt\/grabolo-junior\/","title":{"rendered":"Grabolo Junior"},"content":{"rendered":"<p><iframe loading=\"lazy\" title=\"Grabolo, Grabolo Krtek, Grabolo Junior \u2013 Teddies\" width=\"500\" height=\"281\" src=\"https:\/\/www.youtube.com\/embed\/169CAdT11VA?feature=oembed\" frameborder=\"0\" allow=\"accelerometer; autoplay; clipboard-write; encrypted-media; gyroscope; picture-in-picture; web-share\" referrerpolicy=\"strict-origin-when-cross-origin\" allowfullscreen><\/iframe><\/p>\n","protected":false},"excerpt":{"rendered":"<p>Prove that you have the best eyes and the fastest hands at the table!<\/p>\n<p>Each turn in\u00a0<em><strong>Grabolo<\/strong><\/em>\u00a0someone rolls two dice, then everyone tries to grab the disk matching the colour and the image on the dice. If that disk isn&#8217;t on the table because someone&#8217;s already grabbed it, then be the first to identify who has this disk in his pile.<\/p>\n<p>&nbsp;<\/p>\n","protected":false},"featured_media":141,"comment_status":"open","ping_status":"closed","template":"","meta":[],"product_brand":[],"product_cat":[53],"product_tag":[54,55],"class_list":{"0":"post-335","1":"product","2":"type-product","3":"status-publish","4":"has-post-thumbnail","6":"product_cat-grabolo-en","7":"product_tag-grabolo-en","8":"product_tag-stragoo-en","10":"first","11":"instock","12":"shipping-taxable","13":"product-type-simple"},"yoast_head":"<title>Grabolo Junior - Stragoo<\/title>\n<meta name=\"robots\" content=\"index, follow, max-snippet:-1, max-image-preview:large, max-video-preview:-1\" \/>\n<link rel=\"canonical\" href=\"https:\/\/stragoo.cz\/en\/produkt\/grabolo-junior\/\" \/>\n<meta property=\"og:locale\" content=\"en_US\" \/>\n<meta property=\"og:type\" content=\"article\" \/>\n<meta property=\"og:title\" content=\"Grabolo Junior - Stragoo\" \/>\n<meta property=\"og:description\" content=\"Prove that you have the best eyes and the fastest hands at the table!  Each turn in\u00a0Grabolo\u00a0someone rolls two dice, then everyone tries to grab the disk matching the colour and the image on the dice. If that disk isn&#039;t on the table because someone&#039;s already grabbed it, then be the first to identify who has this disk in his pile.  &nbsp;\" \/>\n<meta property=\"og:url\" content=\"https:\/\/stragoo.cz\/en\/produkt\/grabolo-junior\/\" \/>\n<meta property=\"og:site_name\" content=\"Stragoo\" \/>\n<meta property=\"article:modified_time\" content=\"2025-05-29T12:08:58+00:00\" \/>\n<meta property=\"og:image\" content=\"https:\/\/stragoo.cz\/assets\/uploads\/sites\/965\/2018\/11\/grabolo_junior_krabice.png\" \/>\n\t<meta property=\"og:image:width\" content=\"1983\" \/>\n\t<meta property=\"og:image:height\" content=\"2048\" \/>\n\t<meta property=\"og:image:type\" content=\"image\/png\" \/>\n<meta name=\"twitter:card\" content=\"summary_large_image\" \/>\n<script type=\"application\/ld+json\" class=\"yoast-schema-graph\">{\"@context\":\"https:\/\/schema.org\",\"@graph\":[{\"@type\":\"WebPage\",\"@id\":\"https:\/\/stragoo.cz\/en\/produkt\/grabolo-junior\/\",\"url\":\"https:\/\/stragoo.cz\/en\/produkt\/grabolo-junior\/\",\"name\":\"Grabolo Junior - Stragoo\",\"isPartOf\":{\"@id\":\"https:\/\/stragoo.cz\/#website\"},\"datePublished\":\"2018-11-01T13:21:04+00:00\",\"dateModified\":\"2025-05-29T12:08:58+00:00\",\"breadcrumb\":{\"@id\":\"https:\/\/stragoo.cz\/en\/produkt\/grabolo-junior\/#breadcrumb\"},\"inLanguage\":\"en-US\",\"potentialAction\":[{\"@type\":\"ReadAction\",\"target\":[\"https:\/\/stragoo.cz\/en\/produkt\/grabolo-junior\/\"]}]},{\"@type\":\"BreadcrumbList\",\"@id\":\"https:\/\/stragoo.cz\/en\/produkt\/grabolo-junior\/#breadcrumb\",\"itemListElement\":[{\"@type\":\"ListItem\",\"position\":1,\"name\":\"Dom\u016f\",\"item\":\"https:\/\/stragoo.cz\/en\/\"},{\"@type\":\"ListItem\",\"position\":2,\"name\":\"Obchod\",\"item\":\"https:\/\/stragoo.cz\/obchod\/\"},{\"@type\":\"ListItem\",\"position\":3,\"name\":\"Grabolo Junior\"}]},{\"@type\":\"WebSite\",\"@id\":\"https:\/\/stragoo.cz\/#website\",\"url\":\"https:\/\/stragoo.cz\/\",\"name\":\"Stragoo\",\"description\":\"Dal\u0161\u00ed nov\u00fd web v r\u00e1mci s\u00edt\u011b M\u016fj web online\",\"potentialAction\":[{\"@type\":\"SearchAction\",\"target\":{\"@type\":\"EntryPoint\",\"urlTemplate\":\"https:\/\/stragoo.cz\/?s={search_term_string}\"},\"query-input\":\"required name=search_term_string\"}],\"inLanguage\":\"en-US\"}]}<\/script>","yoast_head_json":{"title":"Grabolo Junior - Stragoo","robots":{"index":"index","follow":"follow","max-snippet":"max-snippet:-1","max-image-preview":"max-image-preview:large","max-video-preview":"max-video-preview:-1"},"canonical":"https:\/\/stragoo.cz\/en\/produkt\/grabolo-junior\/","og_locale":"en_US","og_type":"article","og_title":"Grabolo Junior - Stragoo","og_description":"Prove that you have the best eyes and the fastest hands at the table!  Each turn in\u00a0Grabolo\u00a0someone rolls two dice, then everyone tries to grab the disk matching the colour and the image on the dice. If that disk isn't on the table because someone's already grabbed it, then be the first to identify who has this disk in his pile.  &nbsp;","og_url":"https:\/\/stragoo.cz\/en\/produkt\/grabolo-junior\/","og_site_name":"Stragoo","article_modified_time":"2025-05-29T12:08:58+00:00","og_image":[{"width":1983,"height":2048,"url":"https:\/\/stragoo.cz\/assets\/uploads\/sites\/965\/2018\/11\/grabolo_junior_krabice.png","type":"image\/png"}],"twitter_card":"summary_large_image","schema":{"@context":"https:\/\/schema.org","@graph":[{"@type":"WebPage","@id":"https:\/\/stragoo.cz\/en\/produkt\/grabolo-junior\/","url":"https:\/\/stragoo.cz\/en\/produkt\/grabolo-junior\/","name":"Grabolo Junior - Stragoo","isPartOf":{"@id":"https:\/\/stragoo.cz\/#website"},"datePublished":"2018-11-01T13:21:04+00:00","dateModified":"2025-05-29T12:08:58+00:00","breadcrumb":{"@id":"https:\/\/stragoo.cz\/en\/produkt\/grabolo-junior\/#breadcrumb"},"inLanguage":"en-US","potentialAction":[{"@type":"ReadAction","target":["https:\/\/stragoo.cz\/en\/produkt\/grabolo-junior\/"]}]},{"@type":"BreadcrumbList","@id":"https:\/\/stragoo.cz\/en\/produkt\/grabolo-junior\/#breadcrumb","itemListElement":[{"@type":"ListItem","position":1,"name":"Dom\u016f","item":"https:\/\/stragoo.cz\/en\/"},{"@type":"ListItem","position":2,"name":"Obchod","item":"https:\/\/stragoo.cz\/obchod\/"},{"@type":"ListItem","position":3,"name":"Grabolo Junior"}]},{"@type":"WebSite","@id":"https:\/\/stragoo.cz\/#website","url":"https:\/\/stragoo.cz\/","name":"Stragoo","description":"Dal\u0161\u00ed nov\u00fd web v r\u00e1mci s\u00edt\u011b M\u016fj web online","potentialAction":[{"@type":"SearchAction","target":{"@type":"EntryPoint","urlTemplate":"https:\/\/stragoo.cz\/?s={search_term_string}"},"query-input":"required name=search_term_string"}],"inLanguage":"en-US"}]}},"_links":{"self":[{"href":"https:\/\/stragoo.cz\/en\/wp-json\/wp\/v2\/product\/335","targetHints":{"allow":["GET"]}}],"collection":[{"href":"https:\/\/stragoo.cz\/en\/wp-json\/wp\/v2\/product"}],"about":[{"href":"https:\/\/stragoo.cz\/en\/wp-json\/wp\/v2\/types\/product"}],"replies":[{"embeddable":true,"href":"https:\/\/stragoo.cz\/en\/wp-json\/wp\/v2\/comments?post=335"}],"wp:featuredmedia":[{"embeddable":true,"href":"https:\/\/stragoo.cz\/en\/wp-json\/wp\/v2\/media\/141"}],"wp:attachment":[{"href":"https:\/\/stragoo.cz\/en\/wp-json\/wp\/v2\/media?parent=335"}],"wp:term":[{"taxonomy":"product_brand","embeddable":true,"href":"https:\/\/stragoo.cz\/en\/wp-json\/wp\/v2\/product_brand?post=335"},{"taxonomy":"product_cat","embeddable":true,"href":"https:\/\/stragoo.cz\/en\/wp-json\/wp\/v2\/product_cat?post=335"},{"taxonomy":"product_tag","embeddable":true,"href":"https:\/\/stragoo.cz\/en\/wp-json\/wp\/v2\/product_tag?post=335"}],"curies":[{"name":"wp","href":"https:\/\/api.w.org\/{rel}","templated":true}]}}