{"id":474,"date":"2019-10-20T13:56:44","date_gmt":"2019-10-20T11:56:44","guid":{"rendered":"https:\/\/stragoo.cz\/produkt\/colo-rolo\/"},"modified":"2025-10-14T10:39:46","modified_gmt":"2025-10-14T08:39:46","slug":"colo-rolo","status":"publish","type":"product","link":"https:\/\/stragoo.cz\/en\/produkt\/colo-rolo\/","title":{"rendered":"Colo Rolo"},"content":{"rendered":"<p><strong>How To Play<\/strong><\/p>\n<p>Taking turns, one player rolls the dice \u2013 all three at the same time.<\/p>\n<p>This will generate a maximum of 3 combinations :<\/p>\n<ol>\n<li>X Y Z\u00a0&#8211; three generated combinations : XY\u00a0\u00a0 XZ\u00a0\u00a0 YZ<\/li>\n<li>X X Y\u00a0 &#8211; two combinations generated\u00a0 :\u00a0 XX\u00a0\u00a0 XY<\/li>\n<li>X X X &#8211; one combination generated :\u00a0 XX<\/li>\n<\/ol>\n<p>Players quickly grab the matching wooden token(s) of the combination(s) generated by the dice, then place it with the 4-colored side face <strong>up<\/strong> on the matching circle on the playing board cards \u2013 with that player\u2018s color pointed towards the center of card (for scoring). Play finishes when there are 2 or less wooden tokens left unclaimed.<\/p>\n","protected":false},"excerpt":{"rendered":"<p>Colo Rolo<\/p>\n<p>&nbsp;<\/p>\n","protected":false},"featured_media":465,"comment_status":"open","ping_status":"closed","template":"","meta":[],"product_brand":[],"product_cat":[59],"product_tag":[],"class_list":{"0":"post-474","1":"product","2":"type-product","3":"status-publish","4":"has-post-thumbnail","6":"product_cat-uncategorized-cs-en","8":"first","9":"instock","10":"shipping-taxable","11":"product-type-simple"},"yoast_head":"<title>Colo Rolo - Stragoo<\/title>\n<meta name=\"robots\" content=\"index, follow, max-snippet:-1, max-image-preview:large, max-video-preview:-1\" \/>\n<link rel=\"canonical\" href=\"https:\/\/stragoo.cz\/en\/produkt\/colo-rolo\/\" \/>\n<meta property=\"og:locale\" content=\"en_US\" \/>\n<meta property=\"og:type\" content=\"article\" \/>\n<meta property=\"og:title\" content=\"Colo Rolo - Stragoo\" \/>\n<meta property=\"og:description\" content=\"Colo Rolo  &nbsp;\" \/>\n<meta property=\"og:url\" content=\"https:\/\/stragoo.cz\/en\/produkt\/colo-rolo\/\" \/>\n<meta property=\"og:site_name\" content=\"Stragoo\" \/>\n<meta property=\"article:modified_time\" content=\"2025-10-14T08:39:46+00:00\" \/>\n<meta property=\"og:image\" content=\"https:\/\/stragoo.cz\/assets\/uploads\/sites\/965\/2019\/10\/500x500-colorolo-1.jpg\" \/>\n\t<meta property=\"og:image:width\" content=\"500\" \/>\n\t<meta property=\"og:image:height\" content=\"500\" \/>\n\t<meta property=\"og:image:type\" content=\"image\/jpeg\" \/>\n<meta name=\"twitter:card\" content=\"summary_large_image\" \/>\n<meta name=\"twitter:label1\" content=\"Est. reading time\" \/>\n\t<meta name=\"twitter:data1\" content=\"1 minute\" \/>\n<script type=\"application\/ld+json\" class=\"yoast-schema-graph\">{\"@context\":\"https:\/\/schema.org\",\"@graph\":[{\"@type\":\"WebPage\",\"@id\":\"https:\/\/stragoo.cz\/en\/produkt\/colo-rolo\/\",\"url\":\"https:\/\/stragoo.cz\/en\/produkt\/colo-rolo\/\",\"name\":\"Colo Rolo - Stragoo\",\"isPartOf\":{\"@id\":\"https:\/\/stragoo.cz\/#website\"},\"datePublished\":\"2019-10-20T11:56:44+00:00\",\"dateModified\":\"2025-10-14T08:39:46+00:00\",\"breadcrumb\":{\"@id\":\"https:\/\/stragoo.cz\/en\/produkt\/colo-rolo\/#breadcrumb\"},\"inLanguage\":\"en-US\",\"potentialAction\":[{\"@type\":\"ReadAction\",\"target\":[\"https:\/\/stragoo.cz\/en\/produkt\/colo-rolo\/\"]}]},{\"@type\":\"BreadcrumbList\",\"@id\":\"https:\/\/stragoo.cz\/en\/produkt\/colo-rolo\/#breadcrumb\",\"itemListElement\":[{\"@type\":\"ListItem\",\"position\":1,\"name\":\"Dom\u016f\",\"item\":\"https:\/\/stragoo.cz\/en\/\"},{\"@type\":\"ListItem\",\"position\":2,\"name\":\"Obchod\",\"item\":\"https:\/\/stragoo.cz\/obchod\/\"},{\"@type\":\"ListItem\",\"position\":3,\"name\":\"Colo Rolo\"}]},{\"@type\":\"WebSite\",\"@id\":\"https:\/\/stragoo.cz\/#website\",\"url\":\"https:\/\/stragoo.cz\/\",\"name\":\"Stragoo\",\"description\":\"Dal\u0161\u00ed nov\u00fd web v r\u00e1mci s\u00edt\u011b M\u016fj web online\",\"potentialAction\":[{\"@type\":\"SearchAction\",\"target\":{\"@type\":\"EntryPoint\",\"urlTemplate\":\"https:\/\/stragoo.cz\/?s={search_term_string}\"},\"query-input\":\"required name=search_term_string\"}],\"inLanguage\":\"en-US\"}]}<\/script>","yoast_head_json":{"title":"Colo Rolo - Stragoo","robots":{"index":"index","follow":"follow","max-snippet":"max-snippet:-1","max-image-preview":"max-image-preview:large","max-video-preview":"max-video-preview:-1"},"canonical":"https:\/\/stragoo.cz\/en\/produkt\/colo-rolo\/","og_locale":"en_US","og_type":"article","og_title":"Colo Rolo - Stragoo","og_description":"Colo Rolo  &nbsp;","og_url":"https:\/\/stragoo.cz\/en\/produkt\/colo-rolo\/","og_site_name":"Stragoo","article_modified_time":"2025-10-14T08:39:46+00:00","og_image":[{"width":500,"height":500,"url":"https:\/\/stragoo.cz\/assets\/uploads\/sites\/965\/2019\/10\/500x500-colorolo-1.jpg","type":"image\/jpeg"}],"twitter_card":"summary_large_image","twitter_misc":{"Est. reading time":"1 minute"},"schema":{"@context":"https:\/\/schema.org","@graph":[{"@type":"WebPage","@id":"https:\/\/stragoo.cz\/en\/produkt\/colo-rolo\/","url":"https:\/\/stragoo.cz\/en\/produkt\/colo-rolo\/","name":"Colo Rolo - Stragoo","isPartOf":{"@id":"https:\/\/stragoo.cz\/#website"},"datePublished":"2019-10-20T11:56:44+00:00","dateModified":"2025-10-14T08:39:46+00:00","breadcrumb":{"@id":"https:\/\/stragoo.cz\/en\/produkt\/colo-rolo\/#breadcrumb"},"inLanguage":"en-US","potentialAction":[{"@type":"ReadAction","target":["https:\/\/stragoo.cz\/en\/produkt\/colo-rolo\/"]}]},{"@type":"BreadcrumbList","@id":"https:\/\/stragoo.cz\/en\/produkt\/colo-rolo\/#breadcrumb","itemListElement":[{"@type":"ListItem","position":1,"name":"Dom\u016f","item":"https:\/\/stragoo.cz\/en\/"},{"@type":"ListItem","position":2,"name":"Obchod","item":"https:\/\/stragoo.cz\/obchod\/"},{"@type":"ListItem","position":3,"name":"Colo Rolo"}]},{"@type":"WebSite","@id":"https:\/\/stragoo.cz\/#website","url":"https:\/\/stragoo.cz\/","name":"Stragoo","description":"Dal\u0161\u00ed nov\u00fd web v r\u00e1mci s\u00edt\u011b M\u016fj web online","potentialAction":[{"@type":"SearchAction","target":{"@type":"EntryPoint","urlTemplate":"https:\/\/stragoo.cz\/?s={search_term_string}"},"query-input":"required name=search_term_string"}],"inLanguage":"en-US"}]}},"_links":{"self":[{"href":"https:\/\/stragoo.cz\/en\/wp-json\/wp\/v2\/product\/474","targetHints":{"allow":["GET"]}}],"collection":[{"href":"https:\/\/stragoo.cz\/en\/wp-json\/wp\/v2\/product"}],"about":[{"href":"https:\/\/stragoo.cz\/en\/wp-json\/wp\/v2\/types\/product"}],"replies":[{"embeddable":true,"href":"https:\/\/stragoo.cz\/en\/wp-json\/wp\/v2\/comments?post=474"}],"wp:featuredmedia":[{"embeddable":true,"href":"https:\/\/stragoo.cz\/en\/wp-json\/wp\/v2\/media\/465"}],"wp:attachment":[{"href":"https:\/\/stragoo.cz\/en\/wp-json\/wp\/v2\/media?parent=474"}],"wp:term":[{"taxonomy":"product_brand","embeddable":true,"href":"https:\/\/stragoo.cz\/en\/wp-json\/wp\/v2\/product_brand?post=474"},{"taxonomy":"product_cat","embeddable":true,"href":"https:\/\/stragoo.cz\/en\/wp-json\/wp\/v2\/product_cat?post=474"},{"taxonomy":"product_tag","embeddable":true,"href":"https:\/\/stragoo.cz\/en\/wp-json\/wp\/v2\/product_tag?post=474"}],"curies":[{"name":"wp","href":"https:\/\/api.w.org\/{rel}","templated":true}]}}